{"id":2426,"date":"2016-03-11T12:01:46","date_gmt":"2016-03-11T11:01:46","guid":{"rendered":"https:\/\/www.fleckenstein.fr\/?page_id=2426&#038;lang=de"},"modified":"2026-03-24T17:38:57","modified_gmt":"2026-03-24T16:38:57","slug":"erwachsenengruppen","status":"publish","type":"page","link":"https:\/\/www.fleckenstein.fr\/de\/erwachsenengruppen\/","title":{"rendered":"Groupes Adultes \/ Erwachsenengruppen"},"content":{"rendered":"<p><div class=\"fusion-fullwidth fullwidth-box fusion-builder-row-1 fusion-parallax-none nonhundred-percent-fullwidth non-hundred-percent-height-scrolling\" style=\"--awb-border-sizes-top:0px;--awb-border-sizes-bottom:0px;--awb-border-sizes-left:0px;--awb-border-sizes-right:0px;--awb-border-radius-top-left:0px;--awb-border-radius-top-right:0px;--awb-border-radius-bottom-right:0px;--awb-border-radius-bottom-left:0px;--awb-padding-top:20px;--awb-padding-right:0px;--awb-padding-bottom:20px;--awb-padding-left:0px;--awb-background-image:url(&quot;https:\/\/www.fleckenstein.fr\/wp-content\/uploads\/2015\/08\/Fleckenstein-avis-client.jpg&quot;);--awb-background-size:cover;--awb-flex-wrap:wrap;\" ><div class=\"fusion-builder-row fusion-row\"><div class=\"fusion-layout-column fusion_builder_column fusion-builder-column-0 fusion_builder_column_1_1 1_1 fusion-one-full fusion-column-first fusion-column-last fusion-column-no-min-height\" style=\"--awb-bg-size:cover;--awb-margin-bottom:0px;\"><div class=\"fusion-column-wrapper fusion-flex-column-wrapper-legacy\"><div class=\"fusion-sep-clear\"><\/div><div class=\"fusion-separator fusion-full-width-sep\" style=\"margin-left: auto;margin-right: auto;margin-top:260px;width:100%;\"><\/div><div class=\"fusion-sep-clear\"><\/div><div class=\"fusion-clearfix\"><\/div><\/div><\/div><div class=\"fusion-layout-column fusion_builder_column fusion-builder-column-1 fusion_builder_column_1_6 1_6 fusion-one-sixth fusion-column-first\" style=\"--awb-bg-size:cover;width:13.3333%; margin-right: 4%;\"><div class=\"fusion-column-wrapper fusion-flex-column-wrapper-legacy\"><div class=\"fusion-clearfix\"><\/div><\/div><\/div><div class=\"fusion-layout-column fusion_builder_column fusion-builder-column-2 fusion_builder_column_2_3 2_3 fusion-two-third\" style=\"--awb-padding-top:1px;--awb-padding-right:20px;--awb-padding-bottom:30px;--awb-padding-left:20px;--awb-bg-image:url(&#039;https:\/\/www.fleckenstein.fr\/wp-content\/uploads\/2015\/09\/noir-trame.png&#039;);--awb-bg-repeat:repeat;\"><div class=\"fusion-column-wrapper fusion-flex-column-wrapper-legacy fusion-column-has-bg-image\" data-bg-url=\"https:\/\/www.fleckenstein.fr\/wp-content\/uploads\/2015\/09\/noir-trame.png\"><div class=\"fusion-column-content-centered\"><div class=\"fusion-column-content\"><div class=\"fusion-text fusion-text-1\"><h1 style=\"text-align: center;\"><span style=\"color: #ffffff;\">Erwachsenengruppen<\/span><\/h1>\n<\/div><\/div><\/div><div class=\"fusion-clearfix\"><\/div><\/div><\/div><div class=\"fusion-layout-column fusion_builder_column fusion-builder-column-3 fusion_builder_column_1_6 1_6 fusion-one-sixth fusion-column-last\" style=\"--awb-bg-size:cover;width:13.3333%;\"><div class=\"fusion-column-wrapper fusion-flex-column-wrapper-legacy\"><div class=\"fusion-clearfix\"><\/div><\/div><\/div><div class=\"fusion-layout-column fusion_builder_column fusion-builder-column-4 fusion_builder_column_1_1 1_1 fusion-one-full fusion-column-first fusion-column-last fusion-column-no-min-height\" style=\"--awb-bg-size:cover;--awb-margin-bottom:0px;\"><div class=\"fusion-column-wrapper fusion-flex-column-wrapper-legacy\"><div class=\"fusion-sep-clear\"><\/div><div class=\"fusion-separator fusion-full-width-sep\" style=\"margin-left: auto;margin-right: auto;margin-top:20px;width:100%;\"><\/div><div class=\"fusion-sep-clear\"><\/div><div class=\"fusion-clearfix\"><\/div><\/div><\/div><\/div><\/div><div class=\"fusion-fullwidth fullwidth-box fusion-builder-row-2 fusion-parallax-none nonhundred-percent-fullwidth non-hundred-percent-height-scrolling\" style=\"--awb-border-sizes-top:0px;--awb-border-sizes-bottom:0px;--awb-border-sizes-left:0px;--awb-border-sizes-right:0px;--awb-border-radius-top-left:0px;--awb-border-radius-top-right:0px;--awb-border-radius-bottom-right:0px;--awb-border-radius-bottom-left:0px;--awb-padding-top:20px;--awb-padding-right:0px;--awb-padding-bottom:20px;--awb-padding-left:0px;--awb-background-image:url(&quot;https:\/\/www.fleckenstein.fr\/wp-content\/uploads\/2015\/07\/Fond-section2-visite.jpg&quot;);--awb-background-size:cover;--awb-flex-wrap:wrap;\" ><div class=\"fusion-builder-row fusion-row\"><div class=\"fusion-layout-column fusion_builder_column fusion-builder-column-5 fusion_builder_column_1_1 1_1 fusion-one-full fusion-column-first fusion-column-last fusion-column-no-min-height\" style=\"--awb-bg-size:cover;--awb-margin-bottom:0px;\"><div class=\"fusion-column-wrapper fusion-flex-column-wrapper-legacy\"><div class=\"fusion-sep-clear\"><\/div><div class=\"fusion-separator fusion-full-width-sep\" style=\"margin-left: auto;margin-right: auto;margin-top:50px;width:100%;\"><\/div><div class=\"fusion-sep-clear\"><\/div><div class=\"fusion-clearfix\"><\/div><\/div><\/div><div class=\"fusion-layout-column fusion_builder_column fusion-builder-column-6 fusion_builder_column_1_6 1_6 fusion-one-sixth fusion-column-first\" style=\"--awb-bg-size:cover;width:13.3333%; margin-right: 4%;\"><div class=\"fusion-column-wrapper fusion-flex-column-wrapper-legacy\"><div class=\"fusion-clearfix\"><\/div><\/div><\/div><div class=\"fusion-layout-column fusion_builder_column fusion-builder-column-7 fusion_builder_column_2_3 2_3 fusion-two-third\" style=\"--awb-bg-size:cover;width:65.3333%; margin-right: 4%;\"><div class=\"fusion-column-wrapper fusion-flex-column-wrapper-legacy\"><div class=\"fusion-text fusion-text-2\"><p style=\"text-align: center;\">Die Besichtigung mit F\u00fchrung der symboltr\u00e4chtigen Vogesenburg Fleckenstein geht auf die\u00a0Besonderheiten dieser Burg, ihre architektonische Entwicklung und die Geschichte der\u00a0Familie Fleckenstein \u00fcber die Jahrhunderte ein. Besondere Schwerpunkte k\u00f6nnen auf Ihren\u00a0Wunsch bei der Reservierung ber\u00fccksichtigt werden.<\/p>\n<\/div><div class=\"fusion-clearfix\"><\/div><\/div><\/div><div class=\"fusion-layout-column fusion_builder_column fusion-builder-column-8 fusion_builder_column_1_6 1_6 fusion-one-sixth fusion-column-last\" style=\"--awb-bg-size:cover;width:13.3333%;\"><div class=\"fusion-column-wrapper fusion-flex-column-wrapper-legacy\"><div class=\"fusion-clearfix\"><\/div><\/div><\/div><div class=\"fusion-layout-column fusion_builder_column fusion-builder-column-9 fusion_builder_column_1_1 1_1 fusion-one-full fusion-column-first fusion-column-last fusion-column-no-min-height\" style=\"--awb-bg-size:cover;--awb-margin-bottom:0px;\"><div class=\"fusion-column-wrapper fusion-flex-column-wrapper-legacy\"><div class=\"fusion-sep-clear\"><\/div><div class=\"fusion-separator fusion-full-width-sep\" style=\"margin-left: auto;margin-right: auto;margin-top:10px;width:100%;\"><\/div><div class=\"fusion-sep-clear\"><\/div><div class=\"fusion-clearfix\"><\/div><\/div><\/div><\/div><\/div><div class=\"fusion-fullwidth fullwidth-box fusion-builder-row-3 hundred-percent-fullwidth non-hundred-percent-height-scrolling fusion-equal-height-columns\" style=\"--awb-background-position:left top;--awb-border-sizes-top:0px;--awb-border-sizes-bottom:0px;--awb-border-sizes-left:0px;--awb-border-sizes-right:0px;--awb-border-radius-top-left:0px;--awb-border-radius-top-right:0px;--awb-border-radius-bottom-right:0px;--awb-border-radius-bottom-left:0px;--awb-padding-top:0px;--awb-padding-right:0px;--awb-padding-bottom:0px;--awb-padding-left:0px;--awb-flex-wrap:wrap;\" ><div class=\"fusion-builder-row fusion-row\"><div class=\"fusion-layout-column fusion_builder_column fusion-builder-column-10 fusion_builder_column_1_2 1_2 fusion-one-half fusion-column-first\" style=\"--awb-bg-image:url(&#039;https:\/\/www.fleckenstein.fr\/wp-content\/uploads\/2015\/09\/Fleckenstein.jpg&#039;);--awb-bg-position:center center;--awb-bg-size:cover;--awb-margin-bottom:0px;\"><div class=\"fusion-column-wrapper fusion-flex-column-wrapper-legacy fusion-empty-column-bg-image fusion-column-has-bg-image\" data-bg-url=\"https:\/\/www.fleckenstein.fr\/wp-content\/uploads\/2015\/09\/Fleckenstein.jpg\"><img decoding=\"async\" class=\"fusion-empty-dims-img-placeholder fusion-no-large-visibility\" aria-label=\"Fleckenstein\" src=\"data:image\/svg+xml,%3Csvg%20xmlns%3D%27http%3A%2F%2Fwww.w3.org%2F2000%2Fsvg%27%20width%3D%271382%27%20height%3D%27922%27%20viewBox%3D%270%200%201382%20922%27%3E%3Crect%20width%3D%271382%27%20height%3D%27922%27%20fill-opacity%3D%220%22%2F%3E%3C%2Fsvg%3E\"><div class=\"fusion-clearfix\"><\/div><\/div><\/div><div class=\"fusion-layout-column fusion_builder_column fusion-builder-column-11 fusion_builder_column_1_2 1_2 fusion-one-half fusion-column-last\" style=\"--awb-padding-top:40px;--awb-padding-right:40px;--awb-padding-bottom:40px;--awb-padding-left:40px;--awb-bg-size:cover;--awb-margin-bottom:0px;width:48%;\"><div class=\"fusion-column-wrapper fusion-flex-column-wrapper-legacy\"><div class=\"fusion-sep-clear\"><\/div><div class=\"fusion-separator fusion-full-width-sep\" style=\"margin-left: auto;margin-right: auto;margin-top:50px;width:100%;\"><\/div><div class=\"fusion-sep-clear\"><\/div><div class=\"fusion-text fusion-text-3\"><p><strong>Dauer:<\/strong> 1 Stunde<br \/>\n<strong>Preise: <\/strong>4,50\u20ac \/ Erwachsener + Pauschal 60\u20ac\/F\u00fchrung<br \/>3,00\u20ac \/  Jugendlicher + Pauschal 60\u20ac\/F\u00fchrung<br \/>\n<strong>Sprachen:<\/strong> Franz\u00f6sisch, Deutsch, zweisprachig Deutsch\/Franz\u00f6sisch<br \/>\n<strong>Zeiten:<\/strong> t\u00e4glich au\u00dfer montags von Ende M\u00e4rz bis Anfang<span style=\"background-color: rgba(0, 0, 0, 0);\"> November<\/span><\/p>\n<p><strong>Reservierung:<\/strong> erforderlich +33 (0)3 88 94 28 52 montags \u2013 samstags oder<a href=\"https:\/\/www.fleckenstein.fr\/de\/online-buchung\/\" target=\"_blank\" rel=\"noopener noreferrer\"> Online-Buchung<\/a><\/p>\n<p><strong>Das Caf\u00e9 des 4 Ch\u00e2teaux<\/strong> bietet nach Vorbestellung Essen f\u00fcr Besichtigungsgruppen an (au\u00dfer sonn- und feiertags).<\/p>\n<\/div><div class=\"fusion-sep-clear\"><\/div><div class=\"fusion-separator fusion-full-width-sep\" style=\"margin-left: auto;margin-right: auto;margin-top:50px;width:100%;\"><\/div><div class=\"fusion-sep-clear\"><\/div><div class=\"fusion-clearfix\"><\/div><\/div><\/div><\/div><\/div><div class=\"fusion-fullwidth fullwidth-box fusion-builder-row-4 nonhundred-percent-fullwidth non-hundred-percent-height-scrolling\" style=\"--awb-background-position:left top;--awb-border-sizes-top:0px;--awb-border-sizes-bottom:0px;--awb-border-sizes-left:0px;--awb-border-sizes-right:0px;--awb-border-radius-top-left:0px;--awb-border-radius-top-right:0px;--awb-border-radius-bottom-right:0px;--awb-border-radius-bottom-left:0px;--awb-padding-top:20px;--awb-padding-right:0px;--awb-padding-bottom:20px;--awb-padding-left:0px;--awb-background-color:#f3f0eb;--awb-flex-wrap:wrap;\" ><div class=\"fusion-builder-row fusion-row\"><div class=\"fusion-layout-column fusion_builder_column fusion-builder-column-12 fusion_builder_column_3_4 3_4 fusion-three-fourth fusion-column-first\" style=\"--awb-padding-top:20px;--awb-padding-right:20px;--awb-padding-bottom:20px;--awb-padding-left:20px;--awb-bg-size:cover;width:74%; margin-right: 4%;\"><div class=\"fusion-column-wrapper fusion-flex-column-wrapper-legacy\"><div class=\"fusion-text fusion-text-4\"><h3>Alle Besuche Tarife<\/h3>\n<\/div><div class=\"fusion-clearfix\"><\/div><\/div><\/div><div class=\"fusion-layout-column fusion_builder_column fusion-builder-column-13 fusion_builder_column_1_4 1_4 fusion-one-fourth fusion-column-last\" style=\"--awb-bg-size:cover;--awb-margin-top:40px;width:22%;\"><div class=\"fusion-column-wrapper fusion-flex-column-wrapper-legacy\"><div class=\"fusion-button-wrapper\"><a class=\"fusion-button button-flat fusion-button-default-size button-default fusion-button-default button-1 fusion-button-default-span \" target=\"_self\" href=\"\/de\/eintrittspreise\/\"><i class=\" fa fa-eur awb-button__icon awb-button__icon--default button-icon-left\" aria-hidden=\"true\"><\/i><span class=\"fusion-button-text awb-button__text awb-button__text--default\">Eintrittspreise<\/span><\/a><\/div><div class=\"fusion-clearfix\"><\/div><\/div><\/div><\/div><\/div><\/p>\n","protected":false},"excerpt":{"rendered":"","protected":false},"author":1,"featured_media":0,"parent":0,"menu_order":0,"comment_status":"closed","ping_status":"closed","template":"100-width.php","meta":{"footnotes":""},"class_list":["post-2426","page","type-page","status-publish","hentry"],"yoast_head":"<!-- This site is optimized with the Yoast SEO plugin v27.2 - https:\/\/yoast.com\/product\/yoast-seo-wordpress\/ -->\n<title>Besichtigungen f\u00fcr Gruppen (Erwachsene)<\/title>\n<meta name=\"description\" content=\"Nutzen Sie eine Wanderung unter Freunden, um die Burg Fleckenstein zu besichtigen und entdecken Sie unsere verschiedenen Besichtigungsangebote f\u00fcr Erwachsenengruppen.\" \/>\n<meta name=\"robots\" content=\"index, follow, max-snippet:-1, max-image-preview:large, max-video-preview:-1\" \/>\n<link rel=\"canonical\" href=\"https:\/\/www.fleckenstein.fr\/de\/erwachsenengruppen\/\" \/>\n<meta property=\"og:locale\" content=\"de_DE\" \/>\n<meta property=\"og:type\" content=\"article\" \/>\n<meta property=\"og:title\" content=\"Besichtigungen f\u00fcr Gruppen (Erwachsene)\" \/>\n<meta property=\"og:description\" content=\"Nutzen Sie eine Wanderung unter Freunden, um die Burg Fleckenstein zu besichtigen und entdecken Sie unsere verschiedenen Besichtigungsangebote f\u00fcr Erwachsenengruppen.\" \/>\n<meta property=\"og:url\" content=\"https:\/\/www.fleckenstein.fr\/de\/erwachsenengruppen\/\" \/>\n<meta property=\"og:site_name\" content=\"Ch\u00e2teau de Fleckenstein\" \/>\n<meta property=\"article:modified_time\" content=\"2026-03-24T16:38:57+00:00\" \/>\n<meta name=\"twitter:card\" content=\"summary_large_image\" \/>\n<meta name=\"twitter:label1\" content=\"Est. reading time\" \/>\n\t<meta name=\"twitter:data1\" content=\"7 minutes\" \/>\n<script type=\"application\/ld+json\" class=\"yoast-schema-graph\">{\"@context\":\"https:\/\/schema.org\",\"@graph\":[{\"@type\":\"WebPage\",\"@id\":\"https:\/\/www.fleckenstein.fr\/de\/erwachsenengruppen\/\",\"url\":\"https:\/\/www.fleckenstein.fr\/de\/erwachsenengruppen\/\",\"name\":\"Besichtigungen f\u00fcr Gruppen (Erwachsene)\",\"isPartOf\":{\"@id\":\"https:\/\/www.fleckenstein.fr\/de\/#website\"},\"datePublished\":\"2016-03-11T11:01:46+00:00\",\"dateModified\":\"2026-03-24T16:38:57+00:00\",\"description\":\"Nutzen Sie eine Wanderung unter Freunden, um die Burg Fleckenstein zu besichtigen und entdecken Sie unsere verschiedenen Besichtigungsangebote f\u00fcr Erwachsenengruppen.\",\"breadcrumb\":{\"@id\":\"https:\/\/www.fleckenstein.fr\/de\/erwachsenengruppen\/#breadcrumb\"},\"inLanguage\":\"de-DE\",\"potentialAction\":[{\"@type\":\"ReadAction\",\"target\":[\"https:\/\/www.fleckenstein.fr\/de\/erwachsenengruppen\/\"]}]},{\"@type\":\"BreadcrumbList\",\"@id\":\"https:\/\/www.fleckenstein.fr\/de\/erwachsenengruppen\/#breadcrumb\",\"itemListElement\":[{\"@type\":\"ListItem\",\"position\":1,\"name\":\"Accueil\",\"item\":\"https:\/\/www.fleckenstein.fr\/de\/\"},{\"@type\":\"ListItem\",\"position\":2,\"name\":\"Groupes Adultes \/ Erwachsenengruppen\"}]},{\"@type\":\"WebSite\",\"@id\":\"https:\/\/www.fleckenstein.fr\/de\/#website\",\"url\":\"https:\/\/www.fleckenstein.fr\/de\/\",\"name\":\"Ch\u00e2teau de Fleckenstein\",\"description\":\"Entdecken Sie die Burg Fleckenstein in Frankreich nahe der deutschen Grenze\",\"potentialAction\":[{\"@type\":\"SearchAction\",\"target\":{\"@type\":\"EntryPoint\",\"urlTemplate\":\"https:\/\/www.fleckenstein.fr\/de\/?s={search_term_string}\"},\"query-input\":{\"@type\":\"PropertyValueSpecification\",\"valueRequired\":true,\"valueName\":\"search_term_string\"}}],\"inLanguage\":\"de-DE\"}]}<\/script>\n<!-- \/ Yoast SEO plugin. -->","yoast_head_json":{"title":"Besichtigungen f\u00fcr Gruppen (Erwachsene)","description":"Nutzen Sie eine Wanderung unter Freunden, um die Burg Fleckenstein zu besichtigen und entdecken Sie unsere verschiedenen Besichtigungsangebote f\u00fcr Erwachsenengruppen.","robots":{"index":"index","follow":"follow","max-snippet":"max-snippet:-1","max-image-preview":"max-image-preview:large","max-video-preview":"max-video-preview:-1"},"canonical":"https:\/\/www.fleckenstein.fr\/de\/erwachsenengruppen\/","og_locale":"de_DE","og_type":"article","og_title":"Besichtigungen f\u00fcr Gruppen (Erwachsene)","og_description":"Nutzen Sie eine Wanderung unter Freunden, um die Burg Fleckenstein zu besichtigen und entdecken Sie unsere verschiedenen Besichtigungsangebote f\u00fcr Erwachsenengruppen.","og_url":"https:\/\/www.fleckenstein.fr\/de\/erwachsenengruppen\/","og_site_name":"Ch\u00e2teau de Fleckenstein","article_modified_time":"2026-03-24T16:38:57+00:00","twitter_card":"summary_large_image","twitter_misc":{"Est. reading time":"7 minutes"},"schema":{"@context":"https:\/\/schema.org","@graph":[{"@type":"WebPage","@id":"https:\/\/www.fleckenstein.fr\/de\/erwachsenengruppen\/","url":"https:\/\/www.fleckenstein.fr\/de\/erwachsenengruppen\/","name":"Besichtigungen f\u00fcr Gruppen (Erwachsene)","isPartOf":{"@id":"https:\/\/www.fleckenstein.fr\/de\/#website"},"datePublished":"2016-03-11T11:01:46+00:00","dateModified":"2026-03-24T16:38:57+00:00","description":"Nutzen Sie eine Wanderung unter Freunden, um die Burg Fleckenstein zu besichtigen und entdecken Sie unsere verschiedenen Besichtigungsangebote f\u00fcr Erwachsenengruppen.","breadcrumb":{"@id":"https:\/\/www.fleckenstein.fr\/de\/erwachsenengruppen\/#breadcrumb"},"inLanguage":"de-DE","potentialAction":[{"@type":"ReadAction","target":["https:\/\/www.fleckenstein.fr\/de\/erwachsenengruppen\/"]}]},{"@type":"BreadcrumbList","@id":"https:\/\/www.fleckenstein.fr\/de\/erwachsenengruppen\/#breadcrumb","itemListElement":[{"@type":"ListItem","position":1,"name":"Accueil","item":"https:\/\/www.fleckenstein.fr\/de\/"},{"@type":"ListItem","position":2,"name":"Groupes Adultes \/ Erwachsenengruppen"}]},{"@type":"WebSite","@id":"https:\/\/www.fleckenstein.fr\/de\/#website","url":"https:\/\/www.fleckenstein.fr\/de\/","name":"Ch\u00e2teau de Fleckenstein","description":"Entdecken Sie die Burg Fleckenstein in Frankreich nahe der deutschen Grenze","potentialAction":[{"@type":"SearchAction","target":{"@type":"EntryPoint","urlTemplate":"https:\/\/www.fleckenstein.fr\/de\/?s={search_term_string}"},"query-input":{"@type":"PropertyValueSpecification","valueRequired":true,"valueName":"search_term_string"}}],"inLanguage":"de-DE"}]}},"_links":{"self":[{"href":"https:\/\/www.fleckenstein.fr\/de\/wp-json\/wp\/v2\/pages\/2426","targetHints":{"allow":["GET"]}}],"collection":[{"href":"https:\/\/www.fleckenstein.fr\/de\/wp-json\/wp\/v2\/pages"}],"about":[{"href":"https:\/\/www.fleckenstein.fr\/de\/wp-json\/wp\/v2\/types\/page"}],"author":[{"embeddable":true,"href":"https:\/\/www.fleckenstein.fr\/de\/wp-json\/wp\/v2\/users\/1"}],"replies":[{"embeddable":true,"href":"https:\/\/www.fleckenstein.fr\/de\/wp-json\/wp\/v2\/comments?post=2426"}],"version-history":[{"count":10,"href":"https:\/\/www.fleckenstein.fr\/de\/wp-json\/wp\/v2\/pages\/2426\/revisions"}],"predecessor-version":[{"id":16028,"href":"https:\/\/www.fleckenstein.fr\/de\/wp-json\/wp\/v2\/pages\/2426\/revisions\/16028"}],"wp:attachment":[{"href":"https:\/\/www.fleckenstein.fr\/de\/wp-json\/wp\/v2\/media?parent=2426"}],"curies":[{"name":"wp","href":"https:\/\/api.w.org\/{rel}","templated":true}]}}