{"id":2437,"date":"2016-03-11T14:29:22","date_gmt":"2016-03-11T13:29:22","guid":{"rendered":"https:\/\/www.fleckenstein.fr\/?page_id=2437&#038;lang=de"},"modified":"2018-01-04T10:52:43","modified_gmt":"2018-01-04T09:52:43","slug":"grundschulen","status":"publish","type":"page","link":"https:\/\/www.fleckenstein.fr\/de\/grundschulen\/","title":{"rendered":"Ecoles primaires \/ Grundschulen"},"content":{"rendered":"<p><div class=\"fusion-fullwidth fullwidth-box fusion-builder-row-1 fusion-parallax-none nonhundred-percent-fullwidth non-hundred-percent-height-scrolling\" style=\"--awb-border-radius-top-left:0px;--awb-border-radius-top-right:0px;--awb-border-radius-bottom-right:0px;--awb-border-radius-bottom-left:0px;--awb-padding-top:20px;--awb-padding-right:0px;--awb-padding-bottom:20px;--awb-padding-left:0px;--awb-background-image:url(&quot;https:\/\/www.fleckenstein.fr\/wp-content\/uploads\/2016\/02\/SLI_385_ADT-Fleckenstein_web.jpg&quot;);--awb-background-size:cover;--awb-border-sizes-top:0px;--awb-border-sizes-bottom:0px;--awb-flex-wrap:wrap;\" ><div class=\"fusion-builder-row fusion-row\"><div class=\"fusion-layout-column fusion_builder_column fusion-builder-column-0 fusion_builder_column_1_1 1_1 fusion-one-full fusion-column-first fusion-column-last fusion-column-no-min-height\" style=\"--awb-bg-size:cover;--awb-margin-bottom:0px;\"><div class=\"fusion-column-wrapper fusion-flex-column-wrapper-legacy\"><div class=\"fusion-sep-clear\"><\/div><div class=\"fusion-separator fusion-full-width-sep\" style=\"margin-left: auto;margin-right: auto;margin-top:260px;width:100%;\"><\/div><div class=\"fusion-sep-clear\"><\/div><div class=\"fusion-clearfix\"><\/div><\/div><\/div><div class=\"fusion-layout-column fusion_builder_column fusion-builder-column-1 fusion_builder_column_1_6 1_6 fusion-one-sixth fusion-column-first\" style=\"--awb-bg-size:cover;width:13.3333%; margin-right: 4%;\"><div class=\"fusion-column-wrapper fusion-flex-column-wrapper-legacy\"><div class=\"fusion-clearfix\"><\/div><\/div><\/div><div class=\"fusion-layout-column fusion_builder_column fusion-builder-column-2 fusion_builder_column_2_3 2_3 fusion-two-third\" style=\"--awb-padding-top:1px;--awb-padding-right:20px;--awb-padding-bottom:30px;--awb-padding-left:20px;--awb-bg-image:url(&#039;https:\/\/www.fleckenstein.fr\/wp-content\/uploads\/2015\/09\/noir-trame.png&#039;);--awb-bg-repeat:repeat;\"><div class=\"fusion-column-wrapper fusion-flex-column-wrapper-legacy fusion-column-has-bg-image\" data-bg-url=\"https:\/\/www.fleckenstein.fr\/wp-content\/uploads\/2015\/09\/noir-trame.png\"><div class=\"fusion-column-content-centered\"><div class=\"fusion-column-content\"><div class=\"fusion-text fusion-text-1\"><h1 style=\"text-align: center;\"><span style=\"color: #ffffff;\">Grundschulen<\/span><\/h1>\n<\/div><\/div><\/div><div class=\"fusion-clearfix\"><\/div><\/div><\/div><div class=\"fusion-layout-column fusion_builder_column fusion-builder-column-3 fusion_builder_column_1_6 1_6 fusion-one-sixth fusion-column-last\" style=\"--awb-bg-size:cover;width:13.3333%;\"><div class=\"fusion-column-wrapper fusion-flex-column-wrapper-legacy\"><div class=\"fusion-clearfix\"><\/div><\/div><\/div><div class=\"fusion-layout-column fusion_builder_column fusion-builder-column-4 fusion_builder_column_1_1 1_1 fusion-one-full fusion-column-first fusion-column-last fusion-column-no-min-height\" style=\"--awb-bg-size:cover;--awb-margin-bottom:0px;\"><div class=\"fusion-column-wrapper fusion-flex-column-wrapper-legacy\"><div class=\"fusion-sep-clear\"><\/div><div class=\"fusion-separator fusion-full-width-sep\" style=\"margin-left: auto;margin-right: auto;margin-top:20px;width:100%;\"><\/div><div class=\"fusion-sep-clear\"><\/div><div class=\"fusion-clearfix\"><\/div><\/div><\/div><\/div><\/div><div class=\"fusion-fullwidth fullwidth-box fusion-builder-row-2 fusion-parallax-none nonhundred-percent-fullwidth non-hundred-percent-height-scrolling\" style=\"--awb-border-radius-top-left:0px;--awb-border-radius-top-right:0px;--awb-border-radius-bottom-right:0px;--awb-border-radius-bottom-left:0px;--awb-padding-top:20px;--awb-padding-right:0px;--awb-padding-bottom:20px;--awb-padding-left:0px;--awb-background-image:url(&quot;https:\/\/www.fleckenstein.fr\/wp-content\/uploads\/2015\/07\/Fond-section2-visite.jpg&quot;);--awb-background-size:cover;--awb-border-sizes-top:0px;--awb-border-sizes-bottom:0px;--awb-flex-wrap:wrap;\" ><div class=\"fusion-builder-row fusion-row\"><div class=\"fusion-layout-column fusion_builder_column fusion-builder-column-5 fusion_builder_column_1_1 1_1 fusion-one-full fusion-column-first fusion-column-last fusion-column-no-min-height\" style=\"--awb-bg-size:cover;--awb-margin-bottom:0px;\"><div class=\"fusion-column-wrapper fusion-flex-column-wrapper-legacy\"><div class=\"fusion-sep-clear\"><\/div><div class=\"fusion-separator fusion-full-width-sep\" style=\"margin-left: auto;margin-right: auto;margin-top:50px;width:100%;\"><\/div><div class=\"fusion-sep-clear\"><\/div><div class=\"fusion-clearfix\"><\/div><\/div><\/div><div class=\"fusion-layout-column fusion_builder_column fusion-builder-column-6 fusion_builder_column_1_6 1_6 fusion-one-sixth fusion-column-first\" style=\"--awb-bg-size:cover;width:13.3333%; margin-right: 4%;\"><div class=\"fusion-column-wrapper fusion-flex-column-wrapper-legacy\"><div class=\"fusion-clearfix\"><\/div><\/div><\/div><div class=\"fusion-layout-column fusion_builder_column fusion-builder-column-7 fusion_builder_column_2_3 2_3 fusion-two-third\" style=\"--awb-bg-size:cover;width:65.3333%; margin-right: 4%;\"><div class=\"fusion-column-wrapper fusion-flex-column-wrapper-legacy\"><div class=\"fusion-text fusion-text-2\"><p style=\"text-align: center;\">F\u00fcr Grundch\u00fcler bieten wir die R\u00e4tselburg an, eine spielerische Entdeckungsreise der Burg\u00a0und des Waldes. Dieser Erkundungsrundweg ist eine ganz andere Art, ein historisches\u00a0Denkmal zu erkunden und gleichzeitig w\u00e4hrend<strong> 3 Stunden ein Abenteuer in einer\u00a0anderen Zeit zu erleben<\/strong>.<\/p>\n<p style=\"text-align: center;\">Er mischt Wirklichkeit und Fantastisches in lebensgro\u00df dargestellten Szenen und geleitet\u00a0die Akteure jeden Alters auf ihrer Suche, den Schatz von Fleckenstein zu finden und die\u00a0Burg wieder aufzubauen.<\/p>\n<p style=\"text-align: center;\">An 20 Stationen k\u00f6nnen die Kinder ihre F\u00e4higkeiten wie z.B. ihre Beobachtungsgabe,\u00a0logisches Denken, rechnerische F\u00e4higkeiten, Geschicklichkeit, Beweglichkeit, Mut usw.<\/p>\n<p style=\"text-align: center;\">unter Beweis stellen.<\/p>\n<p style=\"text-align: center;\">Schilder \u00fcber das Mittelalter dienen der Information, aber auch der L\u00f6sung der Aufgaben. So\u00a0ist die Erkundung lehrreich, macht Spa\u00df und bleibt den Sch\u00fclern au\u00dferdem als besonderes\u00a0Erlebnis in Erinnerung, das zum Zusammenhalt der Klasse beitragen kann.<\/p>\n<\/div><div class=\"fusion-clearfix\"><\/div><\/div><\/div><div class=\"fusion-layout-column fusion_builder_column fusion-builder-column-8 fusion_builder_column_1_6 1_6 fusion-one-sixth fusion-column-last\" style=\"--awb-bg-size:cover;width:13.3333%;\"><div class=\"fusion-column-wrapper fusion-flex-column-wrapper-legacy\"><div class=\"fusion-clearfix\"><\/div><\/div><\/div><div class=\"fusion-layout-column fusion_builder_column fusion-builder-column-9 fusion_builder_column_1_1 1_1 fusion-one-full fusion-column-first fusion-column-last fusion-column-no-min-height\" style=\"--awb-bg-size:cover;--awb-margin-bottom:0px;\"><div class=\"fusion-column-wrapper fusion-flex-column-wrapper-legacy\"><div class=\"fusion-sep-clear\"><\/div><div class=\"fusion-separator fusion-full-width-sep\" style=\"margin-left: auto;margin-right: auto;margin-top:10px;width:100%;\"><\/div><div class=\"fusion-sep-clear\"><\/div><div class=\"fusion-clearfix\"><\/div><\/div><\/div><\/div><\/div><div class=\"fusion-fullwidth fullwidth-box fusion-builder-row-3 hundred-percent-fullwidth non-hundred-percent-height-scrolling fusion-equal-height-columns\" style=\"--awb-background-position:left top;--awb-border-radius-top-left:0px;--awb-border-radius-top-right:0px;--awb-border-radius-bottom-right:0px;--awb-border-radius-bottom-left:0px;--awb-padding-top:0px;--awb-padding-right:0px;--awb-padding-bottom:0px;--awb-padding-left:0px;--awb-border-sizes-top:0px;--awb-border-sizes-bottom:0px;--awb-flex-wrap:wrap;\" ><div class=\"fusion-builder-row fusion-row\"><div class=\"fusion-layout-column fusion_builder_column fusion-builder-column-10 fusion_builder_column_1_2 1_2 fusion-one-half fusion-column-first\" style=\"--awb-bg-image:url(&#039;https:\/\/www.fleckenstein.fr\/wp-content\/uploads\/2016\/02\/SLI_019_ADT-Fleckenstein_web.jpg&#039;);--awb-bg-position:center center;--awb-bg-size:cover;--awb-margin-bottom:0px;\"><div class=\"fusion-column-wrapper fusion-flex-column-wrapper-legacy fusion-empty-column-bg-image fusion-column-has-bg-image\" data-bg-url=\"https:\/\/www.fleckenstein.fr\/wp-content\/uploads\/2016\/02\/SLI_019_ADT-Fleckenstein_web.jpg\"><img decoding=\"async\" class=\"fusion-empty-dims-img-placeholder fusion-no-large-visibility\" src=\"data:image\/svg+xml,%3Csvg%20xmlns%3D%27http%3A%2F%2Fwww.w3.org%2F2000%2Fsvg%27%20width%3D%271280%27%20height%3D%271920%27%20viewBox%3D%270%200%201280%201920%27%3E%3Crect%20width%3D%271280%27%20height%3D%271920%27%20fill-opacity%3D%220%22%2F%3E%3C%2Fsvg%3E\"><div class=\"fusion-clearfix\"><\/div><\/div><\/div><div class=\"fusion-layout-column fusion_builder_column fusion-builder-column-11 fusion_builder_column_1_2 1_2 fusion-one-half fusion-column-last\" style=\"--awb-padding-top:40px;--awb-padding-right:40px;--awb-padding-bottom:40px;--awb-padding-left:40px;--awb-bg-size:cover;--awb-margin-bottom:0px;width:48%;\"><div class=\"fusion-column-wrapper fusion-flex-column-wrapper-legacy\"><div class=\"fusion-sep-clear\"><\/div><div class=\"fusion-separator fusion-full-width-sep\" style=\"margin-left: auto;margin-right: auto;margin-top:50px;width:100%;\"><\/div><div class=\"fusion-sep-clear\"><\/div><div class=\"fusion-text fusion-text-3\"><p><strong>Dauer:<\/strong> 3 Stunden (Pause f\u00fcr Mittagessen oder kleinen Imbiss m\u00f6glich)<br \/>\n<strong>Sprachen:<\/strong> Franz\u00f6sisch, Deutsch, Englisch (Die Sprachen sind m\u00fcndlich und schriftlich auf\u00a0dem gleichen Niveau.)<br \/>\n<strong>Zeiten:<\/strong> t\u00e4glich vom 24. M\u00e4rz bis 4. November 2018<br \/>\n<strong>Reservierung:<\/strong> erforderlich unter +33 (0)3 88 94 28 52 montags bis freitags oder mit dem\u00a0<a href=\"\/de\/online-buchung\">Reservierungsvordruck<\/a><br \/>\nVor Ort finden Sie: \u00fcberdachte Picknickpl\u00e4tze. Es besteht au\u00dferdem die M\u00f6glichkeit, im\u00a0Caf\u00e9 ein Essen vorzubestellen (6\u20ac pro Person \u2013 Tagesgericht).<\/p>\n<\/div><div class=\"fusion-sep-clear\"><\/div><div class=\"fusion-separator fusion-full-width-sep\" style=\"margin-left: auto;margin-right: auto;margin-top:50px;width:100%;\"><\/div><div class=\"fusion-sep-clear\"><\/div><div class=\"fusion-clearfix\"><\/div><\/div><\/div><\/div><\/div><div class=\"fusion-fullwidth fullwidth-box fusion-builder-row-4 hundred-percent-fullwidth non-hundred-percent-height-scrolling fusion-equal-height-columns\" style=\"--awb-background-position:left top;--awb-border-radius-top-left:0px;--awb-border-radius-top-right:0px;--awb-border-radius-bottom-right:0px;--awb-border-radius-bottom-left:0px;--awb-padding-top:0px;--awb-padding-right:0px;--awb-padding-bottom:0px;--awb-padding-left:0px;--awb-background-color:#f2f0ea;--awb-border-sizes-top:0px;--awb-border-sizes-bottom:0px;--awb-flex-wrap:wrap;\" ><div class=\"fusion-builder-row fusion-row\"><div class=\"fusion-layout-column fusion_builder_column fusion-builder-column-12 fusion_builder_column_1_1 1_1 fusion-one-full fusion-column-first fusion-column-last fusion-column-no-min-height\" style=\"--awb-bg-size:cover;--awb-margin-bottom:0px;\"><div class=\"fusion-column-wrapper fusion-flex-column-wrapper-legacy\"><div class=\"fusion-sep-clear\"><\/div><div class=\"fusion-separator fusion-full-width-sep\" style=\"margin-left: auto;margin-right: auto;margin-top:50px;width:100%;\"><\/div><div class=\"fusion-sep-clear\"><\/div><div class=\"fusion-text fusion-text-4\"><h3 style=\"text-align: center;\"><span style=\"color: #7d4f45;\">Ablauf<\/span><\/h3>\n<\/div><div class=\"fusion-clearfix\"><\/div><\/div><\/div><div class=\"fusion-layout-column fusion_builder_column fusion-builder-column-13 fusion_builder_column_1_2 1_2 fusion-one-half fusion-column-first\" style=\"--awb-padding-top:40px;--awb-padding-right:40px;--awb-padding-bottom:40px;--awb-padding-left:40px;--awb-bg-size:cover;--awb-margin-bottom:0px;width:48%; margin-right: 4%;\"><div class=\"fusion-column-wrapper fusion-flex-column-wrapper-legacy\"><div class=\"fusion-text fusion-text-5\"><p>Der Rundweg wird in Gruppen von 8 bis maximal 12 Kinder mit Ihren eigenen Begleitpersonen\u00a0erkundet.<\/p>\n<p>Unser Betreuer trifft Sie an unseren interaktiven S\u00e4ulen zur Validierung der L\u00f6sungen und\u00a0macht als bleibende Erinnerung von diesem Tag ein Foto der ganzen Klasse.<\/p>\n<\/div><div class=\"fusion-clearfix\"><\/div><\/div><\/div><div class=\"fusion-layout-column fusion_builder_column fusion-builder-column-14 fusion_builder_column_1_2 1_2 fusion-one-half fusion-column-last\" style=\"--awb-padding-top:40px;--awb-padding-right:40px;--awb-padding-bottom:40px;--awb-padding-left:40px;--awb-bg-size:cover;--awb-margin-bottom:0px;width:48%;\"><div class=\"fusion-column-wrapper fusion-flex-column-wrapper-legacy\"><div class=\"fusion-text fusion-text-6\"><p>Anmerkung: F\u00fcr Gruppen findet die erste Aufgabe der R\u00e4tselburg nicht im Inneren der\u00a0spielerischen Ausstellung Wald und Sandstein statt, sondern mit einem Animateur im Hof des P\u2019tit Fleck.<\/p>\n<\/div><div class=\"fusion-clearfix\"><\/div><\/div><\/div><\/div><\/div><div class=\"fusion-fullwidth fullwidth-box fusion-builder-row-5 nonhundred-percent-fullwidth non-hundred-percent-height-scrolling\" style=\"--awb-background-position:left top;--awb-border-radius-top-left:0px;--awb-border-radius-top-right:0px;--awb-border-radius-bottom-right:0px;--awb-border-radius-bottom-left:0px;--awb-padding-top:20px;--awb-padding-right:0px;--awb-padding-bottom:20px;--awb-padding-left:0px;--awb-background-color:#ffffff;--awb-border-sizes-top:0px;--awb-border-sizes-bottom:0px;--awb-flex-wrap:wrap;\" ><div class=\"fusion-builder-row fusion-row\"><div class=\"fusion-layout-column fusion_builder_column fusion-builder-column-15 fusion_builder_column_3_4 3_4 fusion-three-fourth fusion-column-first\" style=\"--awb-padding-top:20px;--awb-padding-right:20px;--awb-padding-bottom:20px;--awb-padding-left:20px;--awb-bg-size:cover;width:74%; margin-right: 4%;\"><div class=\"fusion-column-wrapper fusion-flex-column-wrapper-legacy\"><div class=\"fusion-text fusion-text-7\"><h3>Alle Besuche Tarife<\/h3>\n<\/div><div class=\"fusion-clearfix\"><\/div><\/div><\/div><div class=\"fusion-layout-column fusion_builder_column fusion-builder-column-16 fusion_builder_column_1_4 1_4 fusion-one-fourth fusion-column-last\" style=\"--awb-bg-size:cover;--awb-margin-top:40px;width:22%;\"><div class=\"fusion-column-wrapper fusion-flex-column-wrapper-legacy\"><div class=\"fusion-button-wrapper\"><a class=\"fusion-button button-flat fusion-button-default-size button-default fusion-button-default button-1 fusion-button-default-span \" target=\"_self\" href=\"\/de\/eintrittspreise\/\"><i class=\" fa fa-eur awb-button__icon awb-button__icon--default button-icon-left\" aria-hidden=\"true\"><\/i><span class=\"fusion-button-text awb-button__text awb-button__text--default\">Eintrittspreise<\/span><\/a><\/div><div class=\"fusion-clearfix\"><\/div><\/div><\/div><\/div><\/div><\/p>\n","protected":false},"excerpt":{"rendered":"","protected":false},"author":1,"featured_media":0,"parent":0,"menu_order":0,"comment_status":"closed","ping_status":"closed","template":"100-width.php","meta":{"footnotes":""},"class_list":["post-2437","page","type-page","status-publish","hentry"],"yoast_head":"<!-- This site is optimized with the Yoast SEO plugin v27.2 - https:\/\/yoast.com\/product\/yoast-seo-wordpress\/ -->\n<title>Besichtigung der Burg Fleckenstein \u2013 weiterf\u00fchrende Schulen<\/title>\n<meta name=\"description\" content=\"Entdecken Sie unsere Besichtigungsangebote der Burg Fleckenstein (Frankreich) f\u00fcr Sch\u00fcler und Sch\u00fclerinnen der weiterf\u00fchrenden Schulen.\" \/>\n<meta name=\"robots\" content=\"index, follow, max-snippet:-1, max-image-preview:large, max-video-preview:-1\" \/>\n<link rel=\"canonical\" href=\"https:\/\/www.fleckenstein.fr\/ecoles-primaires\/\" \/>\n<meta property=\"og:locale\" content=\"de_DE\" \/>\n<meta property=\"og:type\" content=\"article\" \/>\n<meta property=\"og:title\" content=\"Besichtigung der Burg Fleckenstein \u2013 weiterf\u00fchrende Schulen\" \/>\n<meta property=\"og:description\" content=\"Entdecken Sie unsere Besichtigungsangebote der Burg Fleckenstein (Frankreich) f\u00fcr Sch\u00fcler und Sch\u00fclerinnen der weiterf\u00fchrenden Schulen.\" \/>\n<meta property=\"og:url\" content=\"https:\/\/www.fleckenstein.fr\/ecoles-primaires\/\" \/>\n<meta property=\"og:site_name\" content=\"Ch\u00e2teau de Fleckenstein\" \/>\n<meta property=\"article:modified_time\" content=\"2018-01-04T09:52:43+00:00\" \/>\n<meta name=\"twitter:card\" content=\"summary_large_image\" \/>\n<meta name=\"twitter:label1\" content=\"Est. reading time\" \/>\n\t<meta name=\"twitter:data1\" content=\"9 minutes\" \/>\n<script type=\"application\/ld+json\" class=\"yoast-schema-graph\">{\"@context\":\"https:\/\/schema.org\",\"@graph\":[{\"@type\":\"WebPage\",\"@id\":\"https:\/\/www.fleckenstein.fr\/ecoles-primaires\/\",\"url\":\"https:\/\/www.fleckenstein.fr\/ecoles-primaires\/\",\"name\":\"Besichtigung der Burg Fleckenstein \u2013 weiterf\u00fchrende Schulen\",\"isPartOf\":{\"@id\":\"https:\/\/www.fleckenstein.fr\/de\/#website\"},\"datePublished\":\"2016-03-11T13:29:22+00:00\",\"dateModified\":\"2018-01-04T09:52:43+00:00\",\"description\":\"Entdecken Sie unsere Besichtigungsangebote der Burg Fleckenstein (Frankreich) f\u00fcr Sch\u00fcler und Sch\u00fclerinnen der weiterf\u00fchrenden Schulen.\",\"breadcrumb\":{\"@id\":\"https:\/\/www.fleckenstein.fr\/ecoles-primaires\/#breadcrumb\"},\"inLanguage\":\"de-DE\",\"potentialAction\":[{\"@type\":\"ReadAction\",\"target\":[\"https:\/\/www.fleckenstein.fr\/ecoles-primaires\/\"]}]},{\"@type\":\"BreadcrumbList\",\"@id\":\"https:\/\/www.fleckenstein.fr\/ecoles-primaires\/#breadcrumb\",\"itemListElement\":[{\"@type\":\"ListItem\",\"position\":1,\"name\":\"Accueil\",\"item\":\"https:\/\/www.fleckenstein.fr\/de\/\"},{\"@type\":\"ListItem\",\"position\":2,\"name\":\"Ecoles primaires \/ Grundschulen\"}]},{\"@type\":\"WebSite\",\"@id\":\"https:\/\/www.fleckenstein.fr\/de\/#website\",\"url\":\"https:\/\/www.fleckenstein.fr\/de\/\",\"name\":\"Ch\u00e2teau de Fleckenstein\",\"description\":\"Entdecken Sie die Burg Fleckenstein in Frankreich nahe der deutschen Grenze\",\"potentialAction\":[{\"@type\":\"SearchAction\",\"target\":{\"@type\":\"EntryPoint\",\"urlTemplate\":\"https:\/\/www.fleckenstein.fr\/de\/?s={search_term_string}\"},\"query-input\":{\"@type\":\"PropertyValueSpecification\",\"valueRequired\":true,\"valueName\":\"search_term_string\"}}],\"inLanguage\":\"de-DE\"}]}<\/script>\n<!-- \/ Yoast SEO plugin. -->","yoast_head_json":{"title":"Besichtigung der Burg Fleckenstein \u2013 weiterf\u00fchrende Schulen","description":"Entdecken Sie unsere Besichtigungsangebote der Burg Fleckenstein (Frankreich) f\u00fcr Sch\u00fcler und Sch\u00fclerinnen der weiterf\u00fchrenden Schulen.","robots":{"index":"index","follow":"follow","max-snippet":"max-snippet:-1","max-image-preview":"max-image-preview:large","max-video-preview":"max-video-preview:-1"},"canonical":"https:\/\/www.fleckenstein.fr\/ecoles-primaires\/","og_locale":"de_DE","og_type":"article","og_title":"Besichtigung der Burg Fleckenstein \u2013 weiterf\u00fchrende Schulen","og_description":"Entdecken Sie unsere Besichtigungsangebote der Burg Fleckenstein (Frankreich) f\u00fcr Sch\u00fcler und Sch\u00fclerinnen der weiterf\u00fchrenden Schulen.","og_url":"https:\/\/www.fleckenstein.fr\/ecoles-primaires\/","og_site_name":"Ch\u00e2teau de Fleckenstein","article_modified_time":"2018-01-04T09:52:43+00:00","twitter_card":"summary_large_image","twitter_misc":{"Est. reading time":"9 minutes"},"schema":{"@context":"https:\/\/schema.org","@graph":[{"@type":"WebPage","@id":"https:\/\/www.fleckenstein.fr\/ecoles-primaires\/","url":"https:\/\/www.fleckenstein.fr\/ecoles-primaires\/","name":"Besichtigung der Burg Fleckenstein \u2013 weiterf\u00fchrende Schulen","isPartOf":{"@id":"https:\/\/www.fleckenstein.fr\/de\/#website"},"datePublished":"2016-03-11T13:29:22+00:00","dateModified":"2018-01-04T09:52:43+00:00","description":"Entdecken Sie unsere Besichtigungsangebote der Burg Fleckenstein (Frankreich) f\u00fcr Sch\u00fcler und Sch\u00fclerinnen der weiterf\u00fchrenden Schulen.","breadcrumb":{"@id":"https:\/\/www.fleckenstein.fr\/ecoles-primaires\/#breadcrumb"},"inLanguage":"de-DE","potentialAction":[{"@type":"ReadAction","target":["https:\/\/www.fleckenstein.fr\/ecoles-primaires\/"]}]},{"@type":"BreadcrumbList","@id":"https:\/\/www.fleckenstein.fr\/ecoles-primaires\/#breadcrumb","itemListElement":[{"@type":"ListItem","position":1,"name":"Accueil","item":"https:\/\/www.fleckenstein.fr\/de\/"},{"@type":"ListItem","position":2,"name":"Ecoles primaires \/ Grundschulen"}]},{"@type":"WebSite","@id":"https:\/\/www.fleckenstein.fr\/de\/#website","url":"https:\/\/www.fleckenstein.fr\/de\/","name":"Ch\u00e2teau de Fleckenstein","description":"Entdecken Sie die Burg Fleckenstein in Frankreich nahe der deutschen Grenze","potentialAction":[{"@type":"SearchAction","target":{"@type":"EntryPoint","urlTemplate":"https:\/\/www.fleckenstein.fr\/de\/?s={search_term_string}"},"query-input":{"@type":"PropertyValueSpecification","valueRequired":true,"valueName":"search_term_string"}}],"inLanguage":"de-DE"}]}},"_links":{"self":[{"href":"https:\/\/www.fleckenstein.fr\/de\/wp-json\/wp\/v2\/pages\/2437","targetHints":{"allow":["GET"]}}],"collection":[{"href":"https:\/\/www.fleckenstein.fr\/de\/wp-json\/wp\/v2\/pages"}],"about":[{"href":"https:\/\/www.fleckenstein.fr\/de\/wp-json\/wp\/v2\/types\/page"}],"author":[{"embeddable":true,"href":"https:\/\/www.fleckenstein.fr\/de\/wp-json\/wp\/v2\/users\/1"}],"replies":[{"embeddable":true,"href":"https:\/\/www.fleckenstein.fr\/de\/wp-json\/wp\/v2\/comments?post=2437"}],"version-history":[{"count":10,"href":"https:\/\/www.fleckenstein.fr\/de\/wp-json\/wp\/v2\/pages\/2437\/revisions"}],"predecessor-version":[{"id":3899,"href":"https:\/\/www.fleckenstein.fr\/de\/wp-json\/wp\/v2\/pages\/2437\/revisions\/3899"}],"wp:attachment":[{"href":"https:\/\/www.fleckenstein.fr\/de\/wp-json\/wp\/v2\/media?parent=2437"}],"curies":[{"name":"wp","href":"https:\/\/api.w.org\/{rel}","templated":true}]}}