{"id":2458,"date":"2016-03-14T11:05:47","date_gmt":"2016-03-14T10:05:47","guid":{"rendered":"https:\/\/www.fleckenstein.fr\/?page_id=2458&#038;lang=de"},"modified":"2017-01-06T17:00:18","modified_gmt":"2017-01-06T16:00:18","slug":"legende-des-brunnens","status":"publish","type":"page","link":"https:\/\/www.fleckenstein.fr\/de\/der-fleckenstein\/geschichte-der-burg\/legende-des-brunnens\/","title":{"rendered":"Legende des Brunnens \/ La L\u00e9gende du Puits"},"content":{"rendered":"<p><div class=\"fusion-fullwidth fullwidth-box fusion-builder-row-1 fusion-parallax-none nonhundred-percent-fullwidth non-hundred-percent-height-scrolling\" style=\"--awb-border-radius-top-left:0px;--awb-border-radius-top-right:0px;--awb-border-radius-bottom-right:0px;--awb-border-radius-bottom-left:0px;--awb-padding-top:20px;--awb-padding-right:0px;--awb-padding-bottom:20px;--awb-padding-left:0px;--awb-background-image:url(&quot;https:\/\/www.fleckenstein.fr\/wp-content\/uploads\/2015\/09\/Fleckenstein-Conte-du-Moyen-age.jpg&quot;);--awb-background-size:cover;--awb-border-sizes-top:0px;--awb-border-sizes-bottom:0px;--awb-flex-wrap:wrap;\" ><div class=\"fusion-builder-row fusion-row\"><div class=\"fusion-layout-column fusion_builder_column fusion-builder-column-0 fusion_builder_column_1_1 1_1 fusion-one-full fusion-column-first fusion-column-last fusion-column-no-min-height\" style=\"--awb-bg-size:cover;--awb-margin-bottom:0px;\"><div class=\"fusion-column-wrapper fusion-flex-column-wrapper-legacy\"><div class=\"fusion-sep-clear\"><\/div><div class=\"fusion-separator fusion-full-width-sep\" style=\"margin-left: auto;margin-right: auto;margin-top:260px;width:100%;\"><\/div><div class=\"fusion-sep-clear\"><\/div><div class=\"fusion-clearfix\"><\/div><\/div><\/div><div class=\"fusion-layout-column fusion_builder_column fusion-builder-column-1 fusion_builder_column_1_6 1_6 fusion-one-sixth fusion-column-first\" style=\"--awb-bg-size:cover;width:13.3333%; margin-right: 4%;\"><div class=\"fusion-column-wrapper fusion-flex-column-wrapper-legacy\"><div class=\"fusion-clearfix\"><\/div><\/div><\/div><div class=\"fusion-layout-column fusion_builder_column fusion-builder-column-2 fusion_builder_column_2_3 2_3 fusion-two-third\" style=\"--awb-padding-top:1px;--awb-padding-right:20px;--awb-padding-bottom:30px;--awb-padding-left:20px;--awb-bg-image:url(&#039;https:\/\/www.fleckenstein.fr\/wp-content\/uploads\/2015\/09\/noir-trame.png&#039;);--awb-bg-repeat:repeat;\"><div class=\"fusion-column-wrapper fusion-flex-column-wrapper-legacy fusion-column-has-bg-image\" data-bg-url=\"https:\/\/www.fleckenstein.fr\/wp-content\/uploads\/2015\/09\/noir-trame.png\"><div class=\"fusion-column-content-centered\"><div class=\"fusion-column-content\"><div class=\"fusion-text fusion-text-1\"><h1 style=\"text-align: center;\"><span style=\"color: #ffffff;\">Mittelalterliche Legende<\/span><\/h1>\n<h3 style=\"text-align: center;\"><span style=\"color: #ffffff;\">Die Legende des Brunnen<\/span><\/h3>\n<\/div><\/div><\/div><div class=\"fusion-clearfix\"><\/div><\/div><\/div><div class=\"fusion-layout-column fusion_builder_column fusion-builder-column-3 fusion_builder_column_1_6 1_6 fusion-one-sixth fusion-column-last\" style=\"--awb-bg-size:cover;width:13.3333%;\"><div class=\"fusion-column-wrapper fusion-flex-column-wrapper-legacy\"><div class=\"fusion-clearfix\"><\/div><\/div><\/div><div class=\"fusion-layout-column fusion_builder_column fusion-builder-column-4 fusion_builder_column_1_1 1_1 fusion-one-full fusion-column-first fusion-column-last fusion-column-no-min-height\" style=\"--awb-bg-size:cover;--awb-margin-bottom:0px;\"><div class=\"fusion-column-wrapper fusion-flex-column-wrapper-legacy\"><div class=\"fusion-sep-clear\"><\/div><div class=\"fusion-separator fusion-full-width-sep\" style=\"margin-left: auto;margin-right: auto;margin-top:20px;width:100%;\"><\/div><div class=\"fusion-sep-clear\"><\/div><div class=\"fusion-clearfix\"><\/div><\/div><\/div><\/div><\/div><div class=\"fusion-fullwidth fullwidth-box fusion-builder-row-2 fusion-parallax-none hundred-percent-fullwidth non-hundred-percent-height-scrolling\" style=\"--awb-background-position:center bottom;--awb-border-radius-top-left:0px;--awb-border-radius-top-right:0px;--awb-border-radius-bottom-right:0px;--awb-border-radius-bottom-left:0px;--awb-padding-top:40px;--awb-padding-right:40px;--awb-padding-bottom:40px;--awb-padding-left:40px;--awb-background-color:#f2f0ea;--awb-background-image:url(&quot;https:\/\/www.fleckenstein.fr\/wp-content\/uploads\/2015\/07\/Maquette-02.jpg&quot;);--awb-background-size:cover;--awb-border-sizes-top:0px;--awb-border-sizes-bottom:0px;--awb-flex-wrap:wrap;\" ><div class=\"fusion-builder-row fusion-row\"><div class=\"fusion-layout-column fusion_builder_column fusion-builder-column-5 fusion_builder_column_1_6 1_6 fusion-one-sixth fusion-column-first\" style=\"--awb-bg-size:cover;width:13.3333%; margin-right: 4%;\"><div class=\"fusion-column-wrapper fusion-flex-column-wrapper-legacy\"><div class=\"fusion-clearfix\"><\/div><\/div><\/div><div class=\"fusion-layout-column fusion_builder_column fusion-builder-column-6 fusion_builder_column_2_3 2_3 fusion-two-third\" style=\"--awb-bg-size:cover;width:65.3333%; margin-right: 4%;\"><div class=\"fusion-column-wrapper fusion-flex-column-wrapper-legacy\"><div class=\"fusion-text fusion-text-2\"><p style=\"text-align: center;\">Die Brunnenbauer graben ohne Unterlass und immer noch ist kein Wasser da.\u00a0<strong>Dieser Brunnen scheint verflucht zu sein!<\/strong><\/p>\n<p style=\"text-align: center;\">M\u00fcde gibt der Freiherr von Fleckenstein einem sonderbaren Fremden nach, die ihm\u00a0sensationelle Ergebnisse verspricht. Um sich davon zu \u00fcberzeugen, steigt er in den\u00a0Brunnen hinab, so tief, dass er <strong>die Flammen der H\u00f6lle<\/strong> wild lodern sieht, w\u00e4hrend\u00a0sein Brunnenbauer sich in den h\u00e4misch lachenden<strong> Teufel verwandelt<\/strong>.<\/p>\n<p style=\"text-align: center;\">Mutig fleht der Freiherr Gott an, seine Diener ziehen den Korb hinauf, der Teufel\u00a0verschwindet in den Rauchwolken und der Kaplan reinigt den Brunnen, indem er ihn\u00a0mit <strong>Weihwasser segnet<\/strong>.<\/p>\n<p style=\"text-align: center;\">Ende gut, alles gut: Der Brunnen f\u00fcllt sich mit klarem und frischem Wasser.<\/p>\n<\/div><div class=\"fusion-clearfix\"><\/div><\/div><\/div><div class=\"fusion-layout-column fusion_builder_column fusion-builder-column-7 fusion_builder_column_1_6 1_6 fusion-one-sixth fusion-column-last\" style=\"--awb-bg-size:cover;width:13.3333%;\"><div class=\"fusion-column-wrapper fusion-flex-column-wrapper-legacy\"><div class=\"fusion-clearfix\"><\/div><\/div><\/div><\/div><\/div><div class=\"fusion-fullwidth fullwidth-box fusion-builder-row-3 hundred-percent-fullwidth non-hundred-percent-height-scrolling\" style=\"--awb-background-position:left top;--awb-border-radius-top-left:0px;--awb-border-radius-top-right:0px;--awb-border-radius-bottom-right:0px;--awb-border-radius-bottom-left:0px;--awb-padding-top:40px;--awb-padding-right:40px;--awb-padding-bottom:40px;--awb-padding-left:40px;--awb-border-sizes-top:0px;--awb-border-sizes-bottom:0px;--awb-flex-wrap:wrap;\" ><div class=\"fusion-builder-row fusion-row\"><div class=\"fusion-layout-column fusion_builder_column fusion-builder-column-8 fusion_builder_column_1_1 1_1 fusion-one-full fusion-column-first fusion-column-last fusion-column-no-min-height\" style=\"--awb-bg-size:cover;--awb-margin-bottom:0px;\"><div class=\"fusion-column-wrapper fusion-flex-column-wrapper-legacy\"><div class=\"fusion-text fusion-text-3\"><h2 style=\"text-align: center;\">Legende des Brunnens nach Fran\u00e7ois de Gourcez*<\/h2>\n<\/div><div class=\"fusion-sep-clear\"><\/div><div class=\"fusion-separator fusion-full-width-sep\" style=\"margin-left: auto;margin-right: auto;margin-top:50px;width:100%;\"><\/div><div class=\"fusion-sep-clear\"><\/div><div class=\"fusion-clearfix\"><\/div><\/div><\/div><div class=\"fusion-layout-column fusion_builder_column fusion-builder-column-9 fusion_builder_column_1_2 1_2 fusion-one-half fusion-column-first\" style=\"--awb-bg-size:cover;width:48%; margin-right: 4%;\"><div class=\"fusion-column-wrapper fusion-flex-column-wrapper-legacy\"><div class=\"fusion-text fusion-text-4\"><p>Seit fast 1000 Jahren ist den \u00dcberlieferungen zufolge im Tal der Sauer bekannt,\u00a0dass der erste Herrscher des Fleckenstein, Gottfried, bei seiner Ankunft auf dem\u00a0Felsen den Befehl gab, einen Brunnen zu graben, um gegen alle Feinde gewappnet\u00a0zu sein.<\/p>\n<p>Nach wochenlanger schwerer Arbeit und obwohl sie \u00fcber 100 Fu\u00df tief gegraben\u00a0hatten, hatten die Brunnenbauer noch immer kein Wasser gefunden.<\/p>\n<p>Der\u00a0Abgesandte des Kaisers war verzweifelt, als sich eines Abends ein Mann vorstellte.<\/p>\n<p>\u201eF\u00fcr 10 Goldtaler und Euren guten Willen, mein Herr, werde ich Wasser finden\u201c,\u00a0entgegnete er ihm mit einer Selbstsicherheit, die den Ritter beeindruckte.<\/p>\n<p>Obwohl er den Mann sehr sonderbar fand, nahm Gottfried das Angebot an, das ihm\u00a0gerade unterbreitet worden war. Der Fremde machte sich ans Werk.<\/p>\n<p>Man sah ihn in\u00a0das trockene Loch hinabsteigen und bald darauf h\u00f6rte man ohne Unterlass\u00a0Pickelschl\u00e4ge. Als der Mann am Abend aus dem Loch herauskam, erwartete\u00a0Gottfried ihn mit Bangen.<\/p>\n<p>\u201eUnd?!\u201c, fragte er ungeduldig.<\/p>\n<p>\u201eWartet noch, Herr\u2026\u201c, antwortete ihm der Mann mit der gleichen Seelenruhe.<\/p>\n<p>Am n\u00e4chsten Morgen kam der Mann in einem Korb aus dem Brunnen, der oberhalb\u00a0des Lochs befestigt war, und lie\u00df sich erneut in den Brunnen hinunter.<\/p>\n<p>Die M\u00e4nner,\u00a0die das Rad drehten, ma\u00dfen 200 Schritte Schnur. Noch niemals zuvor hatte man\u00a0einen Brunnen gesehen, der so tief war und doch trocken blieb.<\/p>\n<p>Ein weiterer Tag verging, an dem man die ganze Zeit die Pickelschl\u00e4ge des\u00a0Unbekannten vernahm. Am Abend jedoch verk\u00fcndete der Mann, genauso wie am\u00a0Vorabend, dass sein Werk noch nicht vollbracht sei. Deshalb lie\u00df er sich am\u00a0darauffolgenden Morgen erneut in das g\u00e4hnend tiefe Loch am Fu\u00df des riesigen\u00a0Felsen des Fleckensteins hinunter. Die Pickelschl\u00e4ge waren wieder den ganzen Tag\u00a0zu h\u00f6ren. Zum gro\u00dfen Erstaunen aller schien sich der Mann keine Trink- oder\u00a0Essenspause zu g\u00f6nnen. Bis wohin w\u00fcrde er graben? Am Morgen waren es schon\u00a0300 Schritte Seil gewesen.<\/p>\n<p>Als die Sonne unterging, h\u00f6rten die Pickelschl\u00e4ge pl\u00f6tzlich auf. Eine hohle Stimme\u00a0forderte, dass man den Korb bis zu ihm hinunterlie\u00dfe. Die M\u00e4nner Gottfrieds\u00a0gehorchten und holten den Fremden bald darauf nach oben.<\/p>\n<p>\u201eIst er nun fertig?\u201c, fragte Gottfried.<\/p>\n<p>\u201eKommt mit mir, Herr! So werdet Ihr es selbst sehen\u201c, entgegnete der Mann nur mit\u00a0unglaublicher Ruhe.<\/p>\n<p>Der Vorfahre der Freiherren von Fleckenstein stieg neben den eigenartigen\u00a0Brunnenbauer in den Korb und befahl, diesen hinunter zu lassen. Das Rad\u00a0quietschte unter der Last, w\u00e4hrend die beiden M\u00e4nner in der Tiefe des Lochs\u00a0verschwanden. Sie waren schon bei 200 Schritt angelangt, als Gottfried eine\u00a0eigenartige W\u00e4rme aus dem Loch aufsteigen sp\u00fcrte.<\/p>\n<p>\u201eWas kann das wohl sein?\u201c, rief er aus.<\/p>\n<p>&nbsp;<\/p>\n<\/div><div class=\"fusion-clearfix\"><\/div><\/div><\/div><div class=\"fusion-layout-column fusion_builder_column fusion-builder-column-10 fusion_builder_column_1_2 1_2 fusion-one-half fusion-column-last\" style=\"--awb-bg-size:cover;width:48%;\"><div class=\"fusion-column-wrapper fusion-flex-column-wrapper-legacy\"><div class=\"fusion-text fusion-text-5\"><p>\u201eNichts oder ganz wenig, Herr\u2026Nichts oder eher wohl alles\u2026 Das Ende deines\u00a0Kummers und das Wasser, das du suchst, wenn du bereit bist, einen Pakt mit mir zu\u00a0schlie\u00dfen\u2026\u201c, antwortete ihm der Mann in einem geheimnisvollen Ton.<\/p>\n<p>Der Ritter glaubte pl\u00f6tzlich, in der Dunkelheit zwei schreckliche Augen zu sehen, die\u00a0ihn starr anblickten.<\/p>\n<p>Der Korb sank weiter und es kam immer mehr W\u00e4rme aus der Tiefe des Lochs zu\u00a0ihnen herauf.<\/p>\n<p>\u201eIch will deine Seele, Gottfried. Dann geh\u00f6rt alles Wasser aus der Tiefe der Erde\u00a0dir!\u201c, schrie der Fremde mit einer Grabesstimme.<\/p>\n<p>Der Herrscher von Fleckenstein erzitterte. Der Mann, der neben ihm im Korb stand,\u00a0glich nun nicht mehr wirklich einem Menschen. An der Stirn waren ihm H\u00f6rner\u00a0gewachsen, die Augen waren wie gl\u00fchende Kohlen und sein Lachen noch\u00a0h\u00e4mischer als das des Teufels.<\/p>\n<p>Satan\u2026<\/p>\n<p>Pl\u00f6tzlich verstand Gottfried. Schnell bekreuzigte er sich dreimal, was eine\u00a0schreckliche Grimasse des Teufels zur Folge hatte, denn es war eindeutig er, der\u00a0durch seine List den Vorfahren der Familie Fleckenstein in das Erdinnere lockte.<\/p>\n<p>Der Ritter begann, das \u201eVater unser\u201c aufzusagen und dieses Gebet bef\u00f6rderte\u00a0seinen schrecklichen Begleiter mit einem kr\u00e4ftigen Schlag aus dem Korb. Sein Sturz\u00a0schien ewig zu dauern und war von einem h\u00e4mischen Lachen begleitet, das\u00a0Gottfried sein ganzes Leben nicht vergessen w\u00fcrde.<\/p>\n<p>Nun sammelte Gottfried all seine Kr\u00e4fte und befahl seinen Leuten mit einer\u00a0donnernden Stimme, ihn schnellstens hinaufzuziehen. Er w\u00e4re sicherlich imstande\u00a0gewesen, selbst am Seil hochzuklettern, wenn seine Diener, ver\u00e4ngstigt durch den\u00a0markersch\u00fctternden Schrei, ihn nicht schnellstens mit all ihrer Kraft hochgezogen<\/p>\n<p>h\u00e4tten.<\/p>\n<p>Als Gottfried wieder das Tageslicht erblickte, ging die Sonne gerade hinter den\u00a0Bergen unter. Er bekreuzigte sich ein weiteres Mal und befahl dann, dass alle sich\u00a0hinknien und beten sollten. Ohne zu verstehen folgten alle seinem Beispiel und ein\u00a0inniges Sto\u00dfgebet ging in den Himmel.<\/p>\n<p>In diesem Augenblick h\u00f6rte man einen tosenden L\u00e4rm aus dem Inneren des\u00a0Brunnens und pl\u00f6tzlich floss Wasser \u00fcber den Brunnenrand.<\/p>\n<p>So entstand der Brunnen des Fleckensteins, der, wie man sich erz\u00e4hlt, mehr als\u00a0hundert Meter tief ist und zu dem der erste Herrscher am Fleckenstein dadurch kam,\u00a0dass er dem B\u00f6sen widerstand und zu Gott betete.<\/p>\n<p>Es wird jedoch auch behauptet, dass der Teufel, der tief im Felsen lebt, dort immer\u00a0noch h\u00e4misch lacht und dass derjenige, der sich aus Versehen zu sehr \u00fcber den\u00a0Brunnenrand beugt, ihn noch lachen h\u00f6ren kann, so wie er es hier schon seit\u00a0tausend Jahren tut, und dann pl\u00f6tzlich von seinen eigenen D\u00e4monen heimgesucht<\/p>\n<p>wird\u2026<\/p>\n<p>*Schriftsteller, der 2008 am Fleckenstein wohnte<\/p>\n<\/div><div class=\"fusion-clearfix\"><\/div><\/div><\/div><\/div><\/div><div class=\"fusion-fullwidth fullwidth-box fusion-builder-row-4 hundred-percent-fullwidth non-hundred-percent-height-scrolling\" style=\"--awb-border-radius-top-left:0px;--awb-border-radius-top-right:0px;--awb-border-radius-bottom-right:0px;--awb-border-radius-bottom-left:0px;--awb-overflow:visible;--awb-padding-right:0px;--awb-padding-left:0px;--awb-flex-wrap:wrap;\" ><div class=\"fusion-builder-row fusion-row\"><div class=\"fusion-layout-column fusion_builder_column fusion-builder-column-11 fusion_builder_column_1_2 1_2 fusion-one-half fusion-column-first\" style=\"--awb-padding-top:10%;--awb-padding-right:10%;--awb-padding-bottom:10%;--awb-padding-left:10%;--awb-bg-color:#efeae1;--awb-bg-color-hover:#efeae1;--awb-bg-size:cover;--awb-margin-bottom:0px;\"><div class=\"fusion-column-wrapper fusion-flex-column-wrapper-legacy\"><div class=\"fusion-text fusion-text-6\"><h3 style=\"color: #a5ad26; text-align: left;\">Geschichtliche Chronik<\/h3>\n<\/div><div class=\"fusion-sep-clear\"><\/div><div class=\"fusion-separator fusion-clearfix\" style=\"float:left;margin-top:20px;margin-bottom:20px;width:100%;max-width:170px;\"><div class=\"fusion-separator-border sep-single sep-solid\" style=\"--awb-height:20px;--awb-amount:20px;border-color:#e0dede;border-top-width:1px;\"><\/div><\/div><div class=\"fusion-sep-clear\"><\/div><div class=\"fusion-button-wrapper\"><a class=\"fusion-button button-flat button-medium button-default fusion-button-default button-1 fusion-button-default-span fusion-button-default-type\" target=\"_self\" href=\"\/de\/der-fleckenstein\/geschichte-der-burg\/geschichtliche-chronik\/\"><span class=\"fusion-button-text awb-button__text awb-button__text--default\">Mehr infos<\/span><\/a><\/div><div class=\"fusion-clearfix\"><\/div><\/div><\/div><div class=\"fusion-layout-column fusion_builder_column fusion-builder-column-12 fusion_builder_column_1_2 1_2 fusion-one-half fusion-column-last\" style=\"--awb-padding-top:10%;--awb-padding-right:10%;--awb-padding-bottom:10%;--awb-padding-left:10%;--awb-bg-color:#efeae1;--awb-bg-color-hover:#efeae1;--awb-bg-size:cover;--awb-margin-bottom:0px;\"><div class=\"fusion-column-wrapper fusion-flex-column-wrapper-legacy\"><div class=\"fusion-text fusion-text-7\"><h3 style=\"color: #a5ad26; text-align: left;\">Kleine Geschichten vom Fleckenstein<\/h3>\n<\/div><div class=\"fusion-sep-clear\"><\/div><div class=\"fusion-separator fusion-clearfix\" style=\"float:left;margin-top:20px;margin-bottom:20px;width:100%;max-width:170px;\"><div class=\"fusion-separator-border sep-single sep-solid\" style=\"--awb-height:20px;--awb-amount:20px;border-color:#e0dede;border-top-width:1px;\"><\/div><\/div><div class=\"fusion-sep-clear\"><\/div><div class=\"fusion-button-wrapper\"><a class=\"fusion-button button-flat button-medium button-default fusion-button-default button-2 fusion-button-default-span fusion-button-default-type\" target=\"_self\" href=\"\/de\/der-fleckenstein\/geschichte-der-burg\/kleine-geschichten-vom-fleckenstein\/\"><span class=\"fusion-button-text awb-button__text awb-button__text--default\">Mehr infos<\/span><\/a><\/div><div class=\"fusion-clearfix\"><\/div><\/div><\/div><\/div><\/div><\/p>\n","protected":false},"excerpt":{"rendered":"","protected":false},"author":1,"featured_media":0,"parent":2703,"menu_order":0,"comment_status":"closed","ping_status":"closed","template":"100-width.php","meta":{"footnotes":""},"class_list":["post-2458","page","type-page","status-publish","hentry"],"yoast_head":"<!-- This site is optimized with the Yoast SEO plugin v27.2 - https:\/\/yoast.com\/product\/yoast-seo-wordpress\/ -->\n<title>Mittelalterliche Sage : Die Legende des Brunnens<\/title>\n<meta name=\"description\" content=\"Entdecken Sie die mittelalterliche Sage : Die Legende des Brunnens der Burg Fleckenstein (in der N\u00e4he von W\u00f6rth am Rhein), nach Fran\u00e7ois de Gourcez.\" \/>\n<meta name=\"robots\" content=\"index, follow, max-snippet:-1, max-image-preview:large, max-video-preview:-1\" \/>\n<link rel=\"canonical\" href=\"https:\/\/www.fleckenstein.fr\/de\/der-fleckenstein\/geschichte-der-burg\/legende-des-brunnens\/\" \/>\n<meta property=\"og:locale\" content=\"de_DE\" \/>\n<meta property=\"og:type\" content=\"article\" \/>\n<meta property=\"og:title\" content=\"Mittelalterliche Sage : Die Legende des Brunnens\" \/>\n<meta property=\"og:description\" content=\"Entdecken Sie die mittelalterliche Sage : Die Legende des Brunnens der Burg Fleckenstein (in der N\u00e4he von W\u00f6rth am Rhein), nach Fran\u00e7ois de Gourcez.\" \/>\n<meta property=\"og:url\" content=\"https:\/\/www.fleckenstein.fr\/de\/der-fleckenstein\/geschichte-der-burg\/legende-des-brunnens\/\" \/>\n<meta property=\"og:site_name\" content=\"Ch\u00e2teau de Fleckenstein\" \/>\n<meta property=\"article:modified_time\" content=\"2017-01-06T16:00:18+00:00\" \/>\n<meta name=\"twitter:card\" content=\"summary_large_image\" \/>\n<meta name=\"twitter:label1\" content=\"Est. reading time\" \/>\n\t<meta name=\"twitter:data1\" content=\"11 minutes\" \/>\n<script type=\"application\/ld+json\" class=\"yoast-schema-graph\">{\"@context\":\"https:\/\/schema.org\",\"@graph\":[{\"@type\":\"WebPage\",\"@id\":\"https:\/\/www.fleckenstein.fr\/de\/der-fleckenstein\/geschichte-der-burg\/legende-des-brunnens\/\",\"url\":\"https:\/\/www.fleckenstein.fr\/de\/der-fleckenstein\/geschichte-der-burg\/legende-des-brunnens\/\",\"name\":\"Mittelalterliche Sage : Die Legende des Brunnens\",\"isPartOf\":{\"@id\":\"https:\/\/www.fleckenstein.fr\/de\/#website\"},\"datePublished\":\"2016-03-14T10:05:47+00:00\",\"dateModified\":\"2017-01-06T16:00:18+00:00\",\"description\":\"Entdecken Sie die mittelalterliche Sage : Die Legende des Brunnens der Burg Fleckenstein (in der N\u00e4he von W\u00f6rth am Rhein), nach Fran\u00e7ois de Gourcez.\",\"breadcrumb\":{\"@id\":\"https:\/\/www.fleckenstein.fr\/de\/der-fleckenstein\/geschichte-der-burg\/legende-des-brunnens\/#breadcrumb\"},\"inLanguage\":\"de-DE\",\"potentialAction\":[{\"@type\":\"ReadAction\",\"target\":[\"https:\/\/www.fleckenstein.fr\/de\/der-fleckenstein\/geschichte-der-burg\/legende-des-brunnens\/\"]}]},{\"@type\":\"BreadcrumbList\",\"@id\":\"https:\/\/www.fleckenstein.fr\/de\/der-fleckenstein\/geschichte-der-burg\/legende-des-brunnens\/#breadcrumb\",\"itemListElement\":[{\"@type\":\"ListItem\",\"position\":1,\"name\":\"Accueil\",\"item\":\"https:\/\/www.fleckenstein.fr\/de\/\"},{\"@type\":\"ListItem\",\"position\":2,\"name\":\"Der Fleckenstein\",\"item\":\"https:\/\/www.fleckenstein.fr\/de\/der-fleckenstein\/\"},{\"@type\":\"ListItem\",\"position\":3,\"name\":\"Geschichte der Burg\",\"item\":\"https:\/\/www.fleckenstein.fr\/de\/der-fleckenstein\/geschichte-der-burg\/\"},{\"@type\":\"ListItem\",\"position\":4,\"name\":\"Legende des Brunnens \/ La L\u00e9gende du Puits\"}]},{\"@type\":\"WebSite\",\"@id\":\"https:\/\/www.fleckenstein.fr\/de\/#website\",\"url\":\"https:\/\/www.fleckenstein.fr\/de\/\",\"name\":\"Ch\u00e2teau de Fleckenstein\",\"description\":\"Entdecken Sie die Burg Fleckenstein in Frankreich nahe der deutschen Grenze\",\"potentialAction\":[{\"@type\":\"SearchAction\",\"target\":{\"@type\":\"EntryPoint\",\"urlTemplate\":\"https:\/\/www.fleckenstein.fr\/de\/?s={search_term_string}\"},\"query-input\":{\"@type\":\"PropertyValueSpecification\",\"valueRequired\":true,\"valueName\":\"search_term_string\"}}],\"inLanguage\":\"de-DE\"}]}<\/script>\n<!-- \/ Yoast SEO plugin. -->","yoast_head_json":{"title":"Mittelalterliche Sage : Die Legende des Brunnens","description":"Entdecken Sie die mittelalterliche Sage : Die Legende des Brunnens der Burg Fleckenstein (in der N\u00e4he von W\u00f6rth am Rhein), nach Fran\u00e7ois de Gourcez.","robots":{"index":"index","follow":"follow","max-snippet":"max-snippet:-1","max-image-preview":"max-image-preview:large","max-video-preview":"max-video-preview:-1"},"canonical":"https:\/\/www.fleckenstein.fr\/de\/der-fleckenstein\/geschichte-der-burg\/legende-des-brunnens\/","og_locale":"de_DE","og_type":"article","og_title":"Mittelalterliche Sage : Die Legende des Brunnens","og_description":"Entdecken Sie die mittelalterliche Sage : Die Legende des Brunnens der Burg Fleckenstein (in der N\u00e4he von W\u00f6rth am Rhein), nach Fran\u00e7ois de Gourcez.","og_url":"https:\/\/www.fleckenstein.fr\/de\/der-fleckenstein\/geschichte-der-burg\/legende-des-brunnens\/","og_site_name":"Ch\u00e2teau de Fleckenstein","article_modified_time":"2017-01-06T16:00:18+00:00","twitter_card":"summary_large_image","twitter_misc":{"Est. reading time":"11 minutes"},"schema":{"@context":"https:\/\/schema.org","@graph":[{"@type":"WebPage","@id":"https:\/\/www.fleckenstein.fr\/de\/der-fleckenstein\/geschichte-der-burg\/legende-des-brunnens\/","url":"https:\/\/www.fleckenstein.fr\/de\/der-fleckenstein\/geschichte-der-burg\/legende-des-brunnens\/","name":"Mittelalterliche Sage : Die Legende des Brunnens","isPartOf":{"@id":"https:\/\/www.fleckenstein.fr\/de\/#website"},"datePublished":"2016-03-14T10:05:47+00:00","dateModified":"2017-01-06T16:00:18+00:00","description":"Entdecken Sie die mittelalterliche Sage : Die Legende des Brunnens der Burg Fleckenstein (in der N\u00e4he von W\u00f6rth am Rhein), nach Fran\u00e7ois de Gourcez.","breadcrumb":{"@id":"https:\/\/www.fleckenstein.fr\/de\/der-fleckenstein\/geschichte-der-burg\/legende-des-brunnens\/#breadcrumb"},"inLanguage":"de-DE","potentialAction":[{"@type":"ReadAction","target":["https:\/\/www.fleckenstein.fr\/de\/der-fleckenstein\/geschichte-der-burg\/legende-des-brunnens\/"]}]},{"@type":"BreadcrumbList","@id":"https:\/\/www.fleckenstein.fr\/de\/der-fleckenstein\/geschichte-der-burg\/legende-des-brunnens\/#breadcrumb","itemListElement":[{"@type":"ListItem","position":1,"name":"Accueil","item":"https:\/\/www.fleckenstein.fr\/de\/"},{"@type":"ListItem","position":2,"name":"Der Fleckenstein","item":"https:\/\/www.fleckenstein.fr\/de\/der-fleckenstein\/"},{"@type":"ListItem","position":3,"name":"Geschichte der Burg","item":"https:\/\/www.fleckenstein.fr\/de\/der-fleckenstein\/geschichte-der-burg\/"},{"@type":"ListItem","position":4,"name":"Legende des Brunnens \/ La L\u00e9gende du Puits"}]},{"@type":"WebSite","@id":"https:\/\/www.fleckenstein.fr\/de\/#website","url":"https:\/\/www.fleckenstein.fr\/de\/","name":"Ch\u00e2teau de Fleckenstein","description":"Entdecken Sie die Burg Fleckenstein in Frankreich nahe der deutschen Grenze","potentialAction":[{"@type":"SearchAction","target":{"@type":"EntryPoint","urlTemplate":"https:\/\/www.fleckenstein.fr\/de\/?s={search_term_string}"},"query-input":{"@type":"PropertyValueSpecification","valueRequired":true,"valueName":"search_term_string"}}],"inLanguage":"de-DE"}]}},"_links":{"self":[{"href":"https:\/\/www.fleckenstein.fr\/de\/wp-json\/wp\/v2\/pages\/2458","targetHints":{"allow":["GET"]}}],"collection":[{"href":"https:\/\/www.fleckenstein.fr\/de\/wp-json\/wp\/v2\/pages"}],"about":[{"href":"https:\/\/www.fleckenstein.fr\/de\/wp-json\/wp\/v2\/types\/page"}],"author":[{"embeddable":true,"href":"https:\/\/www.fleckenstein.fr\/de\/wp-json\/wp\/v2\/users\/1"}],"replies":[{"embeddable":true,"href":"https:\/\/www.fleckenstein.fr\/de\/wp-json\/wp\/v2\/comments?post=2458"}],"version-history":[{"count":7,"href":"https:\/\/www.fleckenstein.fr\/de\/wp-json\/wp\/v2\/pages\/2458\/revisions"}],"predecessor-version":[{"id":3602,"href":"https:\/\/www.fleckenstein.fr\/de\/wp-json\/wp\/v2\/pages\/2458\/revisions\/3602"}],"up":[{"embeddable":true,"href":"https:\/\/www.fleckenstein.fr\/de\/wp-json\/wp\/v2\/pages\/2703"}],"wp:attachment":[{"href":"https:\/\/www.fleckenstein.fr\/de\/wp-json\/wp\/v2\/media?parent=2458"}],"curies":[{"name":"wp","href":"https:\/\/api.w.org\/{rel}","templated":true}]}}