{"id":2541,"date":"2016-03-14T17:12:12","date_gmt":"2016-03-14T16:12:12","guid":{"rendered":"https:\/\/www.fleckenstein.fr\/?page_id=2541&#038;lang=de"},"modified":"2025-08-12T12:03:47","modified_gmt":"2025-08-12T11:03:47","slug":"faq","status":"publish","type":"page","link":"https:\/\/www.fleckenstein.fr\/de\/faq\/","title":{"rendered":"FAQ"},"content":{"rendered":"<p><div class=\"fusion-fullwidth fullwidth-box fusion-builder-row-1 fusion-parallax-none nonhundred-percent-fullwidth non-hundred-percent-height-scrolling\" style=\"--awb-background-position:center bottom;--awb-border-sizes-top:0px;--awb-border-sizes-bottom:0px;--awb-border-sizes-left:0px;--awb-border-sizes-right:0px;--awb-border-radius-top-left:0px;--awb-border-radius-top-right:0px;--awb-border-radius-bottom-right:0px;--awb-border-radius-bottom-left:0px;--awb-padding-top:20px;--awb-padding-right:0px;--awb-padding-bottom:20px;--awb-padding-left:0px;--awb-background-image:url(&quot;https:\/\/www.fleckenstein.fr\/wp-content\/uploads\/2015\/09\/Fleckenstein-nos-voisin.jpg&quot;);--awb-background-size:cover;--awb-flex-wrap:wrap;\" ><div class=\"fusion-builder-row fusion-row\"><div class=\"fusion-layout-column fusion_builder_column fusion-builder-column-0 fusion_builder_column_1_1 1_1 fusion-one-full fusion-column-first fusion-column-last fusion-column-no-min-height\" style=\"--awb-bg-size:cover;--awb-margin-bottom:0px;\"><div class=\"fusion-column-wrapper fusion-flex-column-wrapper-legacy\"><div class=\"fusion-sep-clear\"><\/div><div class=\"fusion-separator fusion-full-width-sep\" style=\"margin-left: auto;margin-right: auto;margin-top:260px;width:100%;\"><\/div><div class=\"fusion-sep-clear\"><\/div><div class=\"fusion-clearfix\"><\/div><\/div><\/div><div class=\"fusion-layout-column fusion_builder_column fusion-builder-column-1 fusion_builder_column_1_6 1_6 fusion-one-sixth fusion-column-first\" style=\"--awb-bg-size:cover;width:13.3333%; margin-right: 4%;\"><div class=\"fusion-column-wrapper fusion-flex-column-wrapper-legacy\"><div class=\"fusion-clearfix\"><\/div><\/div><\/div><div class=\"fusion-layout-column fusion_builder_column fusion-builder-column-2 fusion_builder_column_2_3 2_3 fusion-two-third\" style=\"--awb-padding-top:20px;--awb-padding-right:20px;--awb-padding-bottom:20px;--awb-padding-left:20px;--awb-bg-image:url(&#039;https:\/\/www.fleckenstein.fr\/wp-content\/uploads\/2015\/09\/noir-trame.png&#039;);--awb-bg-repeat:repeat;\"><div class=\"fusion-column-wrapper fusion-flex-column-wrapper-legacy fusion-column-has-bg-image\" data-bg-url=\"https:\/\/www.fleckenstein.fr\/wp-content\/uploads\/2015\/09\/noir-trame.png\"><div class=\"fusion-column-content-centered\"><div class=\"fusion-column-content\"><div class=\"fusion-text fusion-text-1\"><h1 style=\"text-align: center;\"><span style=\"color: #ffffff;\">H\u00e4ufig gestellte Fragen (FAQ)<\/span><\/h1>\n<\/div><\/div><\/div><div class=\"fusion-clearfix\"><\/div><\/div><\/div><div class=\"fusion-layout-column fusion_builder_column fusion-builder-column-3 fusion_builder_column_1_6 1_6 fusion-one-sixth fusion-column-last\" style=\"--awb-bg-size:cover;width:13.3333%;\"><div class=\"fusion-column-wrapper fusion-flex-column-wrapper-legacy\"><div class=\"fusion-clearfix\"><\/div><\/div><\/div><div class=\"fusion-layout-column fusion_builder_column fusion-builder-column-4 fusion_builder_column_1_1 1_1 fusion-one-full fusion-column-first fusion-column-last fusion-column-no-min-height\" style=\"--awb-bg-size:cover;--awb-margin-bottom:0px;\"><div class=\"fusion-column-wrapper fusion-flex-column-wrapper-legacy\"><div class=\"fusion-sep-clear\"><\/div><div class=\"fusion-separator fusion-full-width-sep\" style=\"margin-left: auto;margin-right: auto;margin-top:20px;width:100%;\"><\/div><div class=\"fusion-sep-clear\"><\/div><div class=\"fusion-clearfix\"><\/div><\/div><\/div><\/div><\/div><div class=\"fusion-fullwidth fullwidth-box fusion-builder-row-2 hundred-percent-fullwidth non-hundred-percent-height-scrolling fusion-equal-height-columns\" style=\"--awb-background-position:left top;--awb-border-sizes-top:0px;--awb-border-sizes-bottom:0px;--awb-border-sizes-left:0px;--awb-border-sizes-right:0px;--awb-border-radius-top-left:0px;--awb-border-radius-top-right:0px;--awb-border-radius-bottom-right:0px;--awb-border-radius-bottom-left:0px;--awb-padding-top:40px;--awb-padding-right:40px;--awb-padding-bottom:40px;--awb-padding-left:40px;--awb-background-color:#f2f0ea;--awb-flex-wrap:wrap;\" ><div class=\"fusion-builder-row fusion-row\"><div class=\"fusion-layout-column fusion_builder_column fusion-builder-column-5 fusion_builder_column_1_2 1_2 fusion-one-half fusion-column-first\" style=\"--awb-bg-size:cover;width:48%; margin-right: 4%;\"><div class=\"fusion-column-wrapper fusion-flex-column-wrapper-legacy\"><div class=\"accordian fusion-accordian\" style=\"--awb-border-size:1px;--awb-icon-size:13px;--awb-content-font-size:18px;--awb-icon-alignment:left;--awb-hover-color:#f9f9f9;--awb-border-color:#cccccc;--awb-background-color:#ffffff;--awb-divider-color:#e0dede;--awb-divider-hover-color:#e0dede;--awb-icon-color:#ffffff;--awb-title-color:#333333;--awb-content-color:#747474;--awb-icon-box-color:#333333;--awb-toggle-hover-accent-color:#9aa500;--awb-title-font-family:&quot;Open Sans&quot;;--awb-title-font-weight:400;--awb-title-font-style:normal;--awb-title-font-size:18px;--awb-content-font-family:&quot;Open Sans&quot;;--awb-content-font-style:normal;--awb-content-font-weight:400;\"><div class=\"panel-group fusion-toggle-icon-boxed\" id=\"accordion-2541-1\"><div class=\"fusion-panel panel-default panel-4653deaa66ddcbad9 fusion-toggle-has-divider\"><div class=\"panel-heading\"><h4 class=\"panel-title toggle\" id=\"toggle_4653deaa66ddcbad9\"><a aria-expanded=\"false\" aria-controls=\"4653deaa66ddcbad9\" role=\"button\" data-toggle=\"collapse\" data-parent=\"#accordion-2541-1\" data-target=\"#4653deaa66ddcbad9\" href=\"#4653deaa66ddcbad9\"><span class=\"fusion-toggle-icon-wrapper\" aria-hidden=\"true\"><i class=\"fa-fusion-box active-icon awb-icon-minus\" aria-hidden=\"true\"><\/i><i class=\"fa-fusion-box inactive-icon awb-icon-plus\" aria-hidden=\"true\"><\/i><\/span><span class=\"fusion-toggle-heading\">Sind Hunde erlaubt?<\/span><\/a><\/h4><\/div><div id=\"4653deaa66ddcbad9\" class=\"panel-collapse collapse \" aria-labelledby=\"toggle_4653deaa66ddcbad9\"><div class=\"panel-body toggle-content fusion-clearfix\">Wenn sie an der Leine gef\u00fchrt warden, sind Hunde erlaubt au\u00dfer in der spielerischen<\/p>\n<p>Ausstellung Sandstein und Wald im P\u2019tit Fleck (unterhalb der Burg).<\/p>\n<p>Wenn Sie einen gro\u00dfen Hund haben (den sie nicht tragen k\u00f6nnen) teilen Sie dies an der\u00a0Kasse mit, <strong>damit wir Ihnen beim Durchgang durch das Drehkreuz an der Burg behilflich sein\u00a0k\u00f6nnen.<\/strong><\/div><\/div><\/div><div class=\"fusion-panel panel-default panel-7cf054012fde3ace7 fusion-toggle-has-divider\"><div class=\"panel-heading\"><h4 class=\"panel-title toggle\" id=\"toggle_7cf054012fde3ace7\"><a aria-expanded=\"false\" aria-controls=\"7cf054012fde3ace7\" role=\"button\" data-toggle=\"collapse\" data-parent=\"#accordion-2541-1\" data-target=\"#7cf054012fde3ace7\" href=\"#7cf054012fde3ace7\"><span class=\"fusion-toggle-icon-wrapper\" aria-hidden=\"true\"><i class=\"fa-fusion-box active-icon awb-icon-minus\" aria-hidden=\"true\"><\/i><i class=\"fa-fusion-box inactive-icon awb-icon-plus\" aria-hidden=\"true\"><\/i><\/span><span class=\"fusion-toggle-heading\">Wie gro\u00df ist die Entfernung zwischen Parkplatz und Kasse?<\/span><\/a><\/h4><\/div><div id=\"7cf054012fde3ace7\" class=\"panel-collapse collapse \" aria-labelledby=\"toggle_7cf054012fde3ace7\"><div class=\"panel-body toggle-content fusion-clearfix\">300 Meter leicht ansteigend<\/div><\/div><\/div><div class=\"fusion-panel panel-default panel-e38a08fbd371baff2 fusion-toggle-has-divider\"><div class=\"panel-heading\"><h4 class=\"panel-title toggle\" id=\"toggle_e38a08fbd371baff2\"><a aria-expanded=\"false\" aria-controls=\"e38a08fbd371baff2\" role=\"button\" data-toggle=\"collapse\" data-parent=\"#accordion-2541-1\" data-target=\"#e38a08fbd371baff2\" href=\"#e38a08fbd371baff2\"><span class=\"fusion-toggle-icon-wrapper\" aria-hidden=\"true\"><i class=\"fa-fusion-box active-icon awb-icon-minus\" aria-hidden=\"true\"><\/i><i class=\"fa-fusion-box inactive-icon awb-icon-plus\" aria-hidden=\"true\"><\/i><\/span><span class=\"fusion-toggle-heading\">Kann man im Auto bis ganz oben hinfahren?<\/span><\/a><\/h4><\/div><div id=\"e38a08fbd371baff2\" class=\"panel-collapse collapse \" aria-labelledby=\"toggle_e38a08fbd371baff2\"><div class=\"panel-body toggle-content fusion-clearfix\">Fahren Sie an der Ausfahrt des Parkplatzes geradeaus weiter bis zum Ende der Stra\u00dfe.<\/p>\n<p>Hier, auf dem Buswendeplatz darf man kurz anhalten, um die mitfahrenden Personen in<br \/>\nunmittelbarer N\u00e4he des Empfangsbereichs aussteigen zu lassen, wobei der Fahrer das<br \/>\nFahrzeug nicht verl\u00e4sst.<\/div><\/div><\/div><div class=\"fusion-panel panel-default panel-d5016d3bcb70ac8ac fusion-toggle-has-divider\"><div class=\"panel-heading\"><h4 class=\"panel-title toggle\" id=\"toggle_d5016d3bcb70ac8ac\"><a aria-expanded=\"false\" aria-controls=\"d5016d3bcb70ac8ac\" role=\"button\" data-toggle=\"collapse\" data-parent=\"#accordion-2541-1\" data-target=\"#d5016d3bcb70ac8ac\" href=\"#d5016d3bcb70ac8ac\"><span class=\"fusion-toggle-icon-wrapper\" aria-hidden=\"true\"><i class=\"fa-fusion-box active-icon awb-icon-minus\" aria-hidden=\"true\"><\/i><i class=\"fa-fusion-box inactive-icon awb-icon-plus\" aria-hidden=\"true\"><\/i><\/span><span class=\"fusion-toggle-heading\">Kann man seine Eintrittskarte direkt am Eingang der Burg kaufen?<\/span><\/a><\/h4><\/div><div id=\"d5016d3bcb70ac8ac\" class=\"panel-collapse collapse \" aria-labelledby=\"toggle_d5016d3bcb70ac8ac\"><div class=\"panel-body toggle-content fusion-clearfix\">Nein. Es gibt nur eine Kasse am Empfangsbereich des Fleckensteins unterhalb der Burg.<\/div><\/div><\/div><div class=\"fusion-panel panel-default panel-766ff4b03366beb45 fusion-toggle-has-divider\"><div class=\"panel-heading\"><h4 class=\"panel-title toggle\" id=\"toggle_766ff4b03366beb45\"><a aria-expanded=\"false\" aria-controls=\"766ff4b03366beb45\" role=\"button\" data-toggle=\"collapse\" data-parent=\"#accordion-2541-1\" data-target=\"#766ff4b03366beb45\" href=\"#766ff4b03366beb45\"><span class=\"fusion-toggle-icon-wrapper\" aria-hidden=\"true\"><i class=\"fa-fusion-box active-icon awb-icon-minus\" aria-hidden=\"true\"><\/i><i class=\"fa-fusion-box inactive-icon awb-icon-plus\" aria-hidden=\"true\"><\/i><\/span><span class=\"fusion-toggle-heading\">Was ist die R\u00e4tselburg?<\/span><\/a><\/h4><\/div><div id=\"766ff4b03366beb45\" class=\"panel-collapse collapse \" aria-labelledby=\"toggle_766ff4b03366beb45\"><div class=\"panel-body toggle-content fusion-clearfix\">\n<p>Das ist ein Erkundungsrundweg der Burg und ihrer Umgebung, der speziell f\u00fcr Familien entwickelt wurde.<\/p>\n<\/div><\/div><\/div><\/div><\/div><div class=\"fusion-clearfix\"><\/div><\/div><\/div><div class=\"fusion-layout-column fusion_builder_column fusion-builder-column-6 fusion_builder_column_1_2 1_2 fusion-one-half fusion-column-last\" style=\"--awb-bg-size:cover;width:48%;\"><div class=\"fusion-column-wrapper fusion-flex-column-wrapper-legacy\"><div class=\"accordian fusion-accordian\" style=\"--awb-border-size:1px;--awb-icon-size:13px;--awb-content-font-size:18px;--awb-icon-alignment:left;--awb-hover-color:#f9f9f9;--awb-border-color:#cccccc;--awb-background-color:#ffffff;--awb-divider-color:#e0dede;--awb-divider-hover-color:#e0dede;--awb-icon-color:#ffffff;--awb-title-color:#333333;--awb-content-color:#747474;--awb-icon-box-color:#333333;--awb-toggle-hover-accent-color:#9aa500;--awb-title-font-family:&quot;Open Sans&quot;;--awb-title-font-weight:400;--awb-title-font-style:normal;--awb-title-font-size:18px;--awb-content-font-family:&quot;Open Sans&quot;;--awb-content-font-style:normal;--awb-content-font-weight:400;\"><div class=\"panel-group fusion-toggle-icon-boxed\" id=\"accordion-2541-2\"><div class=\"fusion-panel panel-default panel-be12b26faa1cdaedb fusion-toggle-has-divider\"><div class=\"panel-heading\"><h4 class=\"panel-title toggle\" id=\"toggle_be12b26faa1cdaedb\"><a aria-expanded=\"false\" aria-controls=\"be12b26faa1cdaedb\" role=\"button\" data-toggle=\"collapse\" data-parent=\"#accordion-2541-2\" data-target=\"#be12b26faa1cdaedb\" href=\"#be12b26faa1cdaedb\"><span class=\"fusion-toggle-icon-wrapper\" aria-hidden=\"true\"><i class=\"fa-fusion-box active-icon awb-icon-minus\" aria-hidden=\"true\"><\/i><i class=\"fa-fusion-box inactive-icon awb-icon-plus\" aria-hidden=\"true\"><\/i><\/span><span class=\"fusion-toggle-heading\">Ist die R\u00e4tselburg mit Kinderwagen zug\u00e4nglich?<\/span><\/a><\/h4><\/div><div id=\"be12b26faa1cdaedb\" class=\"panel-collapse collapse \" aria-labelledby=\"toggle_be12b26faa1cdaedb\"><div class=\"panel-body toggle-content fusion-clearfix\">M\u00f6glich ja, aber man sollte sehr sportlich sein. Wagen Sie sich nicht allein. F\u00fcr die Kleinsten empfehlen wir ein Tragetuch oder ein Tragegestell. Bei Kindern, die schon laufen, nutzen Sie den Kinderwagen an den nicht so steilen Stellen und lassen Sie sich helfen.<\/p>\n<p>Der Kinderwagen muss unten in der Burg abgestellt werden, da er aufgrund der steilen Treppen und engen G\u00e4nge nicht mitgenommen werden kann.<\/div><\/div><\/div><div class=\"fusion-panel panel-default panel-86787d86bb8fbf08b fusion-toggle-has-divider\"><div class=\"panel-heading\"><h4 class=\"panel-title toggle\" id=\"toggle_86787d86bb8fbf08b\"><a aria-expanded=\"false\" aria-controls=\"86787d86bb8fbf08b\" role=\"button\" data-toggle=\"collapse\" data-parent=\"#accordion-2541-2\" data-target=\"#86787d86bb8fbf08b\" href=\"#86787d86bb8fbf08b\"><span class=\"fusion-toggle-icon-wrapper\" aria-hidden=\"true\"><i class=\"fa-fusion-box active-icon awb-icon-minus\" aria-hidden=\"true\"><\/i><i class=\"fa-fusion-box inactive-icon awb-icon-plus\" aria-hidden=\"true\"><\/i><\/span><span class=\"fusion-toggle-heading\">Ist der Fleckenstein das ganze Jahr ge\u00f6ffnet?<\/span><\/a><\/h4><\/div><div id=\"86787d86bb8fbf08b\" class=\"panel-collapse collapse \" aria-labelledby=\"toggle_86787d86bb8fbf08b\"><div class=\"panel-body toggle-content fusion-clearfix\">Der Fleckenstein ist durchgehend ge\u00f6ffnet von Ende M\u00e4rz bis 11. November ab 10 Uhr.<br \/>\nF\u00fcr die Winter\u00f6ffnungszeiten siehe \u00d6ffnungszeiten.<\/div><\/div><\/div><div class=\"fusion-panel panel-default panel-ed009da359d0001d4 fusion-toggle-has-divider\"><div class=\"panel-heading\"><h4 class=\"panel-title toggle\" id=\"toggle_ed009da359d0001d4\"><a aria-expanded=\"false\" aria-controls=\"ed009da359d0001d4\" role=\"button\" data-toggle=\"collapse\" data-parent=\"#accordion-2541-2\" data-target=\"#ed009da359d0001d4\" href=\"#ed009da359d0001d4\"><span class=\"fusion-toggle-icon-wrapper\" aria-hidden=\"true\"><i class=\"fa-fusion-box active-icon awb-icon-minus\" aria-hidden=\"true\"><\/i><i class=\"fa-fusion-box inactive-icon awb-icon-plus\" aria-hidden=\"true\"><\/i><\/span><span class=\"fusion-toggle-heading\">Um wie viel Uhr \u00f6ffnet das Caf\u00e9?<\/span><\/a><\/h4><\/div><div id=\"ed009da359d0001d4\" class=\"panel-collapse collapse \" aria-labelledby=\"toggle_ed009da359d0001d4\"><div class=\"panel-body toggle-content fusion-clearfix\">Um 11.30 Uhr<\/div><\/div><\/div><div class=\"fusion-panel panel-default panel-8aed1505b22599cb4 fusion-toggle-has-divider\"><div class=\"panel-heading\"><h4 class=\"panel-title toggle\" id=\"toggle_8aed1505b22599cb4\"><a aria-expanded=\"false\" aria-controls=\"8aed1505b22599cb4\" role=\"button\" data-toggle=\"collapse\" data-parent=\"#accordion-2541-2\" data-target=\"#8aed1505b22599cb4\" href=\"#8aed1505b22599cb4\"><span class=\"fusion-toggle-icon-wrapper\" aria-hidden=\"true\"><i class=\"fa-fusion-box active-icon awb-icon-minus\" aria-hidden=\"true\"><\/i><i class=\"fa-fusion-box inactive-icon awb-icon-plus\" aria-hidden=\"true\"><\/i><\/span><span class=\"fusion-toggle-heading\">Bis wie viel Uhr kann man mit der R\u00e4tselburg beginnen?<\/span><\/a><\/h4><\/div><div id=\"8aed1505b22599cb4\" class=\"panel-collapse collapse \" aria-labelledby=\"toggle_8aed1505b22599cb4\"><div class=\"panel-body toggle-content fusion-clearfix\">Aufgrund der Dauer des R\u00e4tselburg-Parcours werden die Eintrittskarten bis 2\u00bd Stunden vor Kassenschluss verkauft (siehe \u00d6ffnungszeiten).<\/div><\/div><\/div><\/div><\/div><div class=\"fusion-clearfix\"><\/div><\/div><\/div><\/div><\/div><\/p>\n","protected":false},"excerpt":{"rendered":"","protected":false},"author":1,"featured_media":0,"parent":0,"menu_order":0,"comment_status":"closed","ping_status":"closed","template":"100-width.php","meta":{"footnotes":""},"class_list":["post-2541","page","type-page","status-publish","hentry"],"yoast_head":"<!-- This site is optimized with the Yoast SEO plugin v27.2 - https:\/\/yoast.com\/product\/yoast-seo-wordpress\/ -->\n<title>FAQ \u2013 Burg Fleckenstein<\/title>\n<meta name=\"description\" content=\"Die meist gestellten Fragen \u00fcber die im Sauerthal gelegene Burg Fleckenstein (FAQ).\" \/>\n<meta name=\"robots\" content=\"index, follow, max-snippet:-1, max-image-preview:large, max-video-preview:-1\" \/>\n<link rel=\"canonical\" href=\"https:\/\/www.fleckenstein.fr\/de\/faq\/\" \/>\n<meta property=\"og:locale\" content=\"de_DE\" \/>\n<meta property=\"og:type\" content=\"article\" \/>\n<meta property=\"og:title\" content=\"FAQ \u2013 Burg Fleckenstein\" \/>\n<meta property=\"og:description\" content=\"Die meist gestellten Fragen \u00fcber die im Sauerthal gelegene Burg Fleckenstein (FAQ).\" \/>\n<meta property=\"og:url\" content=\"https:\/\/www.fleckenstein.fr\/de\/faq\/\" \/>\n<meta property=\"og:site_name\" content=\"Ch\u00e2teau de Fleckenstein\" \/>\n<meta property=\"article:modified_time\" content=\"2025-08-12T11:03:47+00:00\" \/>\n<meta name=\"twitter:card\" content=\"summary_large_image\" \/>\n<meta name=\"twitter:label1\" content=\"Est. reading time\" \/>\n\t<meta name=\"twitter:data1\" content=\"5 minutes\" \/>\n<script type=\"application\/ld+json\" class=\"yoast-schema-graph\">{\"@context\":\"https:\/\/schema.org\",\"@graph\":[{\"@type\":\"WebPage\",\"@id\":\"https:\/\/www.fleckenstein.fr\/de\/faq\/\",\"url\":\"https:\/\/www.fleckenstein.fr\/de\/faq\/\",\"name\":\"FAQ \u2013 Burg Fleckenstein\",\"isPartOf\":{\"@id\":\"https:\/\/www.fleckenstein.fr\/de\/#website\"},\"datePublished\":\"2016-03-14T16:12:12+00:00\",\"dateModified\":\"2025-08-12T11:03:47+00:00\",\"description\":\"Die meist gestellten Fragen \u00fcber die im Sauerthal gelegene Burg Fleckenstein (FAQ).\",\"breadcrumb\":{\"@id\":\"https:\/\/www.fleckenstein.fr\/de\/faq\/#breadcrumb\"},\"inLanguage\":\"de-DE\",\"potentialAction\":[{\"@type\":\"ReadAction\",\"target\":[\"https:\/\/www.fleckenstein.fr\/de\/faq\/\"]}]},{\"@type\":\"BreadcrumbList\",\"@id\":\"https:\/\/www.fleckenstein.fr\/de\/faq\/#breadcrumb\",\"itemListElement\":[{\"@type\":\"ListItem\",\"position\":1,\"name\":\"Accueil\",\"item\":\"https:\/\/www.fleckenstein.fr\/de\/\"},{\"@type\":\"ListItem\",\"position\":2,\"name\":\"FAQ\"}]},{\"@type\":\"WebSite\",\"@id\":\"https:\/\/www.fleckenstein.fr\/de\/#website\",\"url\":\"https:\/\/www.fleckenstein.fr\/de\/\",\"name\":\"Ch\u00e2teau de Fleckenstein\",\"description\":\"Entdecken Sie die Burg Fleckenstein in Frankreich nahe der deutschen Grenze\",\"potentialAction\":[{\"@type\":\"SearchAction\",\"target\":{\"@type\":\"EntryPoint\",\"urlTemplate\":\"https:\/\/www.fleckenstein.fr\/de\/?s={search_term_string}\"},\"query-input\":{\"@type\":\"PropertyValueSpecification\",\"valueRequired\":true,\"valueName\":\"search_term_string\"}}],\"inLanguage\":\"de-DE\"}]}<\/script>\n<!-- \/ Yoast SEO plugin. -->","yoast_head_json":{"title":"FAQ \u2013 Burg Fleckenstein","description":"Die meist gestellten Fragen \u00fcber die im Sauerthal gelegene Burg Fleckenstein (FAQ).","robots":{"index":"index","follow":"follow","max-snippet":"max-snippet:-1","max-image-preview":"max-image-preview:large","max-video-preview":"max-video-preview:-1"},"canonical":"https:\/\/www.fleckenstein.fr\/de\/faq\/","og_locale":"de_DE","og_type":"article","og_title":"FAQ \u2013 Burg Fleckenstein","og_description":"Die meist gestellten Fragen \u00fcber die im Sauerthal gelegene Burg Fleckenstein (FAQ).","og_url":"https:\/\/www.fleckenstein.fr\/de\/faq\/","og_site_name":"Ch\u00e2teau de Fleckenstein","article_modified_time":"2025-08-12T11:03:47+00:00","twitter_card":"summary_large_image","twitter_misc":{"Est. reading time":"5 minutes"},"schema":{"@context":"https:\/\/schema.org","@graph":[{"@type":"WebPage","@id":"https:\/\/www.fleckenstein.fr\/de\/faq\/","url":"https:\/\/www.fleckenstein.fr\/de\/faq\/","name":"FAQ \u2013 Burg Fleckenstein","isPartOf":{"@id":"https:\/\/www.fleckenstein.fr\/de\/#website"},"datePublished":"2016-03-14T16:12:12+00:00","dateModified":"2025-08-12T11:03:47+00:00","description":"Die meist gestellten Fragen \u00fcber die im Sauerthal gelegene Burg Fleckenstein (FAQ).","breadcrumb":{"@id":"https:\/\/www.fleckenstein.fr\/de\/faq\/#breadcrumb"},"inLanguage":"de-DE","potentialAction":[{"@type":"ReadAction","target":["https:\/\/www.fleckenstein.fr\/de\/faq\/"]}]},{"@type":"BreadcrumbList","@id":"https:\/\/www.fleckenstein.fr\/de\/faq\/#breadcrumb","itemListElement":[{"@type":"ListItem","position":1,"name":"Accueil","item":"https:\/\/www.fleckenstein.fr\/de\/"},{"@type":"ListItem","position":2,"name":"FAQ"}]},{"@type":"WebSite","@id":"https:\/\/www.fleckenstein.fr\/de\/#website","url":"https:\/\/www.fleckenstein.fr\/de\/","name":"Ch\u00e2teau de Fleckenstein","description":"Entdecken Sie die Burg Fleckenstein in Frankreich nahe der deutschen Grenze","potentialAction":[{"@type":"SearchAction","target":{"@type":"EntryPoint","urlTemplate":"https:\/\/www.fleckenstein.fr\/de\/?s={search_term_string}"},"query-input":{"@type":"PropertyValueSpecification","valueRequired":true,"valueName":"search_term_string"}}],"inLanguage":"de-DE"}]}},"_links":{"self":[{"href":"https:\/\/www.fleckenstein.fr\/de\/wp-json\/wp\/v2\/pages\/2541","targetHints":{"allow":["GET"]}}],"collection":[{"href":"https:\/\/www.fleckenstein.fr\/de\/wp-json\/wp\/v2\/pages"}],"about":[{"href":"https:\/\/www.fleckenstein.fr\/de\/wp-json\/wp\/v2\/types\/page"}],"author":[{"embeddable":true,"href":"https:\/\/www.fleckenstein.fr\/de\/wp-json\/wp\/v2\/users\/1"}],"replies":[{"embeddable":true,"href":"https:\/\/www.fleckenstein.fr\/de\/wp-json\/wp\/v2\/comments?post=2541"}],"version-history":[{"count":3,"href":"https:\/\/www.fleckenstein.fr\/de\/wp-json\/wp\/v2\/pages\/2541\/revisions"}],"predecessor-version":[{"id":15132,"href":"https:\/\/www.fleckenstein.fr\/de\/wp-json\/wp\/v2\/pages\/2541\/revisions\/15132"}],"wp:attachment":[{"href":"https:\/\/www.fleckenstein.fr\/de\/wp-json\/wp\/v2\/media?parent=2541"}],"curies":[{"name":"wp","href":"https:\/\/api.w.org\/{rel}","templated":true}]}}