{"id":2700,"date":"2016-03-23T09:55:55","date_gmt":"2016-03-23T08:55:55","guid":{"rendered":"https:\/\/www.fleckenstein.fr\/de\/?page_id=2700"},"modified":"2017-01-06T17:00:15","modified_gmt":"2017-01-06T16:00:15","slug":"rund-um-fleckenstein","status":"publish","type":"page","link":"https:\/\/www.fleckenstein.fr\/de\/der-fleckenstein\/rund-um-fleckenstein\/","title":{"rendered":"Autour de Fleckenstein \/ Rund um Fleckenstein"},"content":{"rendered":"<p><div class=\"fusion-fullwidth fullwidth-box fusion-builder-row-1 fusion-parallax-none nonhundred-percent-fullwidth non-hundred-percent-height-scrolling\" style=\"--awb-border-radius-top-left:0px;--awb-border-radius-top-right:0px;--awb-border-radius-bottom-right:0px;--awb-border-radius-bottom-left:0px;--awb-padding-top:20px;--awb-padding-right:0px;--awb-padding-bottom:20px;--awb-padding-left:0px;--awb-background-image:url(&quot;https:\/\/www.fleckenstein.fr\/wp-content\/uploads\/2015\/12\/Fleckenstein-autour.jpg&quot;);--awb-background-size:cover;--awb-border-sizes-top:0px;--awb-border-sizes-bottom:0px;--awb-flex-wrap:wrap;\" ><div class=\"fusion-builder-row fusion-row\"><div class=\"fusion-layout-column fusion_builder_column fusion-builder-column-0 fusion_builder_column_1_1 1_1 fusion-one-full fusion-column-first fusion-column-last fusion-column-no-min-height\" style=\"--awb-bg-size:cover;--awb-margin-bottom:0px;\"><div class=\"fusion-column-wrapper fusion-flex-column-wrapper-legacy\"><div class=\"fusion-sep-clear\"><\/div><div class=\"fusion-separator fusion-full-width-sep\" style=\"margin-left: auto;margin-right: auto;margin-top:260px;width:100%;\"><\/div><div class=\"fusion-sep-clear\"><\/div><div class=\"fusion-clearfix\"><\/div><\/div><\/div><div class=\"fusion-layout-column fusion_builder_column fusion-builder-column-1 fusion_builder_column_1_6 1_6 fusion-one-sixth fusion-column-first\" style=\"--awb-bg-size:cover;width:13.3333%; margin-right: 4%;\"><div class=\"fusion-column-wrapper fusion-flex-column-wrapper-legacy\"><div class=\"fusion-clearfix\"><\/div><\/div><\/div><div class=\"fusion-layout-column fusion_builder_column fusion-builder-column-2 fusion_builder_column_2_3 2_3 fusion-two-third\" style=\"--awb-padding-top:1px;--awb-padding-right:20px;--awb-padding-bottom:30px;--awb-padding-left:20px;--awb-bg-image:url(&#039;https:\/\/www.fleckenstein.fr\/wp-content\/uploads\/2015\/09\/noir-trame.png&#039;);--awb-bg-repeat:repeat;\"><div class=\"fusion-column-wrapper fusion-flex-column-wrapper-legacy fusion-column-has-bg-image\" data-bg-url=\"https:\/\/www.fleckenstein.fr\/wp-content\/uploads\/2015\/09\/noir-trame.png\"><div class=\"fusion-column-content-centered\"><div class=\"fusion-column-content\"><div class=\"fusion-text fusion-text-1\"><h1 style=\"text-align: center;\"><span style=\"color: #ffffff;\"><b>Entdecken Sie die mythenhaften Orte rund um den Fleckenstein<\/b><\/span><\/h1>\n<p style=\"text-align: center;\"><span style=\"font-weight: 400; color: #ffffff;\">Urspr\u00fcnglich erbaut wegen ihrer strategischen Position an den Grenzen der drei Gebiete bietet die Burg Ihnen die M\u00f6glichkeit, einen Ausflug im Elsass zu machen und gleichzeitig mit dem Auto, zu Fu\u00df, mit dem Pferd oder dem Fahrrad einen Teil Lothringens und Deutschlands .kennenzulernen.<\/span><\/p>\n<\/div><\/div><\/div><div class=\"fusion-clearfix\"><\/div><\/div><\/div><div class=\"fusion-layout-column fusion_builder_column fusion-builder-column-3 fusion_builder_column_1_6 1_6 fusion-one-sixth fusion-column-last\" style=\"--awb-bg-size:cover;width:13.3333%;\"><div class=\"fusion-column-wrapper fusion-flex-column-wrapper-legacy\"><div class=\"fusion-clearfix\"><\/div><\/div><\/div><div class=\"fusion-layout-column fusion_builder_column fusion-builder-column-4 fusion_builder_column_1_1 1_1 fusion-one-full fusion-column-first fusion-column-last fusion-column-no-min-height\" style=\"--awb-bg-size:cover;--awb-margin-bottom:0px;\"><div class=\"fusion-column-wrapper fusion-flex-column-wrapper-legacy\"><div class=\"fusion-sep-clear\"><\/div><div class=\"fusion-separator fusion-full-width-sep\" style=\"margin-left: auto;margin-right: auto;margin-top:20px;width:100%;\"><\/div><div class=\"fusion-sep-clear\"><\/div><div class=\"fusion-clearfix\"><\/div><\/div><\/div><\/div><\/div><div class=\"fusion-fullwidth fullwidth-box fusion-builder-row-2 hundred-percent-fullwidth non-hundred-percent-height-scrolling\" style=\"--awb-background-position:left top;--awb-border-radius-top-left:0px;--awb-border-radius-top-right:0px;--awb-border-radius-bottom-right:0px;--awb-border-radius-bottom-left:0px;--awb-padding-top:40px;--awb-padding-right:40px;--awb-padding-bottom:0px;--awb-padding-left:40px;--awb-background-color:#f2f0ea;--awb-border-sizes-top:0px;--awb-border-sizes-bottom:0px;--awb-flex-wrap:wrap;\" ><div class=\"fusion-builder-row fusion-row\"><div class=\"fusion-layout-column fusion_builder_column fusion-builder-column-5 fusion_builder_column_1_2 1_2 fusion-one-half fusion-column-first\" style=\"--awb-bg-size:cover;width:48%; margin-right: 4%;\"><div class=\"fusion-column-wrapper fusion-flex-column-wrapper-legacy\"><div class=\"fusion-text fusion-text-2\"><p style=\"text-align: justify;\">Die Burg <strong>Fleckenstein<\/strong> ist eine der am meisten besuchten Nordvogesenburgen. Sie wurde im XII. Jh. errichtet, geh\u00f6rt zu der Verteidigungslinie der Vogesenburgen des Heiligen R\u00f6mischen Reichs und liegt zwischen den ehenmals kaiserlichen St\u00e4dten Haguenau (F) und Kaiserslautern (D). Ihre Ruinen zeugen heute noch von ihrem Ruf einer uneinnehmbaren Festung und man hat von der Burg einen sehr sch\u00f6nen Blick auf das Sauerthal und die weiten <strong>W\u00e4lder der Naturparks Nordvogesen und Pf\u00e4lzerwald<\/strong>.<\/p>\n<\/div><div class=\"fusion-clearfix\"><\/div><\/div><\/div><div class=\"fusion-layout-column fusion_builder_column fusion-builder-column-6 fusion_builder_column_1_2 1_2 fusion-one-half fusion-column-last\" style=\"--awb-bg-size:cover;width:48%;\"><div class=\"fusion-column-wrapper fusion-flex-column-wrapper-legacy\"><div class=\"fusion-text fusion-text-3\"><p style=\"text-align: justify;\">Au\u00dferdem ist sie auch ein Ausflugsziel, das zahlreiche <strong>Spazierg\u00e4nge<\/strong> und <strong>Wanderungen<\/strong> um die Burg, im Elsass, in Lothringen und in Deutschland anzubieten hat. Entdecken Sie den mythenhaften<strong> 4-Burgen-Rundwanderweg<\/strong> und erkunden Sie die Felsenburgen Fleckenstein, Loewenstein, Hohenbourg und Wegelnburg.<\/p>\n<\/div><div class=\"fusion-clearfix\"><\/div><\/div><\/div><\/div><\/div><div class=\"fusion-fullwidth fullwidth-box fusion-builder-row-3 hundred-percent-fullwidth non-hundred-percent-height-scrolling fusion-equal-height-columns\" style=\"--awb-background-position:left top;--awb-border-radius-top-left:0px;--awb-border-radius-top-right:0px;--awb-border-radius-bottom-right:0px;--awb-border-radius-bottom-left:0px;--awb-padding-top:0px;--awb-padding-right:0px;--awb-padding-bottom:0px;--awb-padding-left:0px;--awb-border-sizes-top:0px;--awb-border-sizes-bottom:0px;--awb-flex-wrap:wrap;\" id=\"castle-blocks\" ><div class=\"fusion-builder-row fusion-row\"><div class=\"fusion-layout-column fusion_builder_column fusion-builder-column-7 fusion_builder_column_1_4 1_4 fusion-one-fourth fusion-column-first\" style=\"--awb-bg-image:url(&#039;https:\/\/www.fleckenstein.fr\/wp-content\/uploads\/2016\/03\/randonnee-autour.jpg&#039;);--awb-bg-position:center center;--awb-bg-size:cover;--awb-margin-bottom:0px;\"><div class=\"fusion-column-wrapper fusion-flex-column-wrapper-legacy fusion-column-has-bg-image\" data-bg-url=\"https:\/\/www.fleckenstein.fr\/wp-content\/uploads\/2016\/03\/randonnee-autour.jpg\"><div class=\"fusion-text fusion-text-4\"><div class=\"block-teaser\">\n<h2>Wanderungen rund um die Burg<\/h2>\n<div class=\"block-teaser-more\"><div class=\"fusion-aligncenter\"><a class=\"fusion-button button-flat button-medium button-default fusion-button-default button-1 fusion-button-default-span \" target=\"_self\" href=\"\/de\/der-fleckenstein\/rund-um-fleckenstein\/wanderungen-rund-um-die-burg\/\"><span class=\"fusion-button-text awb-button__text awb-button__text--default\">Mehr infos<\/span><\/a><\/div><\/div>\n<\/div>\n<\/div><div class=\"fusion-clearfix\"><\/div><\/div><\/div><div class=\"fusion-layout-column fusion_builder_column fusion-builder-column-8 fusion_builder_column_1_4 1_4 fusion-one-fourth\" style=\"--awb-bg-image:url(&#039;https:\/\/www.fleckenstein.fr\/wp-content\/uploads\/2015\/07\/chateau-fleckenstein-vue-1030x687.jpg&#039;);--awb-bg-position:center center;--awb-bg-size:cover;--awb-margin-bottom:0px;\"><div class=\"fusion-column-wrapper fusion-flex-column-wrapper-legacy fusion-column-has-bg-image\" data-bg-url=\"https:\/\/www.fleckenstein.fr\/wp-content\/uploads\/2015\/07\/chateau-fleckenstein-vue-1030x687.jpg\"><div class=\"fusion-text fusion-text-5\"><div class=\"block-teaser\">\n<h2>In der n\u00e4heren Umgebung<\/h2>\n<div class=\"block-teaser-more\"><div class=\"fusion-aligncenter\"><a class=\"fusion-button button-flat button-medium button-default fusion-button-default button-2 fusion-button-default-span \" target=\"_self\" href=\"\/de\/der-fleckenstein\/rund-um-fleckenstein\/in-der-naeheren-umgebung\/\"><span class=\"fusion-button-text awb-button__text awb-button__text--default\">Mehr infos<\/span><\/a><\/div><\/div>\n<\/div>\n<\/div><div class=\"fusion-clearfix\"><\/div><\/div><\/div><div class=\"fusion-layout-column fusion_builder_column fusion-builder-column-9 fusion_builder_column_1_4 1_4 fusion-one-fourth\" style=\"--awb-bg-image:url(&#039;https:\/\/www.fleckenstein.fr\/wp-content\/uploads\/2015\/09\/autour-en-alsace.jpg&#039;);--awb-bg-size:cover;--awb-margin-bottom:0px;\"><div class=\"fusion-column-wrapper fusion-flex-column-wrapper-legacy fusion-column-has-bg-image\" data-bg-url=\"https:\/\/www.fleckenstein.fr\/wp-content\/uploads\/2015\/09\/autour-en-alsace.jpg\"><div class=\"fusion-text fusion-text-6\"><div class=\"block-teaser\">\n<h2>Ausflugsziele im Elsass<\/h2>\n<div class=\"block-teaser-more\"><div class=\"fusion-aligncenter\"><a class=\"fusion-button button-flat button-medium button-default fusion-button-default button-3 fusion-button-default-span \" target=\"_self\" href=\"\/de\/der-fleckenstein\/rund-um-fleckenstein\/ausflugsziele-im-elsass\/\"><span class=\"fusion-button-text awb-button__text awb-button__text--default\">Mehr infos<\/span><\/a><\/div><\/div>\n<\/div>\n<\/div><div class=\"fusion-clearfix\"><\/div><\/div><\/div><div class=\"fusion-layout-column fusion_builder_column fusion-builder-column-10 fusion_builder_column_1_4 1_4 fusion-one-fourth fusion-column-last\" style=\"--awb-bg-image:url(&#039;https:\/\/www.fleckenstein.fr\/wp-content\/uploads\/2015\/09\/Fleckenstein.jpg&#039;);--awb-bg-size:cover;--awb-margin-bottom:0px;\"><div class=\"fusion-column-wrapper fusion-flex-column-wrapper-legacy fusion-column-has-bg-image\" data-bg-url=\"https:\/\/www.fleckenstein.fr\/wp-content\/uploads\/2015\/09\/Fleckenstein.jpg\"><div class=\"fusion-text fusion-text-7\"><div class=\"block-teaser\">\n<h2>Ausflugsziele in Deutschland<\/h2>\n<div class=\"block-teaser-more\"><div class=\"fusion-aligncenter\"><a class=\"fusion-button button-flat button-medium button-default fusion-button-default button-4 fusion-button-default-span \" target=\"_self\" href=\"\/de\/der-fleckenstein\/rund-um-fleckenstein\/ausflugsziele-in-deutschland\/\"><span class=\"fusion-button-text awb-button__text awb-button__text--default\">Mehr infos<\/span><\/a><\/div><\/div>\n<\/div>\n<\/div><div class=\"fusion-clearfix\"><\/div><\/div><\/div><\/div><\/div><\/p>\n","protected":false},"excerpt":{"rendered":"","protected":false},"author":1,"featured_media":0,"parent":2696,"menu_order":0,"comment_status":"open","ping_status":"open","template":"100-width.php","meta":{"footnotes":""},"class_list":["post-2700","page","type-page","status-publish","hentry"],"yoast_head":"<!-- This site is optimized with the Yoast SEO plugin v27.2 - https:\/\/yoast.com\/product\/yoast-seo-wordpress\/ -->\n<title>Die mythenhaften Orte rund um den Fleckenstein<\/title>\n<meta name=\"description\" content=\"Entdecken Sie um die Burg Fleckenstein herum alle in Rheinland-Pfalz, im Saarland und in Elsass-Lothringen gelegenen Spazier- und Wanderwege.\" \/>\n<meta name=\"robots\" content=\"index, follow, max-snippet:-1, max-image-preview:large, max-video-preview:-1\" \/>\n<link rel=\"canonical\" href=\"https:\/\/www.fleckenstein.fr\/de\/der-fleckenstein\/rund-um-fleckenstein\/\" \/>\n<meta property=\"og:locale\" content=\"de_DE\" \/>\n<meta property=\"og:type\" content=\"article\" \/>\n<meta property=\"og:title\" content=\"Die mythenhaften Orte rund um den Fleckenstein\" \/>\n<meta property=\"og:description\" content=\"Entdecken Sie um die Burg Fleckenstein herum alle in Rheinland-Pfalz, im Saarland und in Elsass-Lothringen gelegenen Spazier- und Wanderwege.\" \/>\n<meta property=\"og:url\" content=\"https:\/\/www.fleckenstein.fr\/de\/der-fleckenstein\/rund-um-fleckenstein\/\" \/>\n<meta property=\"og:site_name\" content=\"Ch\u00e2teau de Fleckenstein\" \/>\n<meta property=\"article:modified_time\" content=\"2017-01-06T16:00:15+00:00\" \/>\n<meta name=\"twitter:card\" content=\"summary_large_image\" \/>\n<meta name=\"twitter:label1\" content=\"Est. reading time\" \/>\n\t<meta name=\"twitter:data1\" content=\"7 minutes\" \/>\n<script type=\"application\/ld+json\" class=\"yoast-schema-graph\">{\"@context\":\"https:\/\/schema.org\",\"@graph\":[{\"@type\":\"WebPage\",\"@id\":\"https:\/\/www.fleckenstein.fr\/de\/der-fleckenstein\/rund-um-fleckenstein\/\",\"url\":\"https:\/\/www.fleckenstein.fr\/de\/der-fleckenstein\/rund-um-fleckenstein\/\",\"name\":\"Die mythenhaften Orte rund um den Fleckenstein\",\"isPartOf\":{\"@id\":\"https:\/\/www.fleckenstein.fr\/de\/#website\"},\"datePublished\":\"2016-03-23T08:55:55+00:00\",\"dateModified\":\"2017-01-06T16:00:15+00:00\",\"description\":\"Entdecken Sie um die Burg Fleckenstein herum alle in Rheinland-Pfalz, im Saarland und in Elsass-Lothringen gelegenen Spazier- und Wanderwege.\",\"breadcrumb\":{\"@id\":\"https:\/\/www.fleckenstein.fr\/de\/der-fleckenstein\/rund-um-fleckenstein\/#breadcrumb\"},\"inLanguage\":\"de-DE\",\"potentialAction\":[{\"@type\":\"ReadAction\",\"target\":[\"https:\/\/www.fleckenstein.fr\/de\/der-fleckenstein\/rund-um-fleckenstein\/\"]}]},{\"@type\":\"BreadcrumbList\",\"@id\":\"https:\/\/www.fleckenstein.fr\/de\/der-fleckenstein\/rund-um-fleckenstein\/#breadcrumb\",\"itemListElement\":[{\"@type\":\"ListItem\",\"position\":1,\"name\":\"Accueil\",\"item\":\"https:\/\/www.fleckenstein.fr\/de\/\"},{\"@type\":\"ListItem\",\"position\":2,\"name\":\"Der Fleckenstein\",\"item\":\"https:\/\/www.fleckenstein.fr\/de\/der-fleckenstein\/\"},{\"@type\":\"ListItem\",\"position\":3,\"name\":\"Autour de Fleckenstein \/ Rund um Fleckenstein\"}]},{\"@type\":\"WebSite\",\"@id\":\"https:\/\/www.fleckenstein.fr\/de\/#website\",\"url\":\"https:\/\/www.fleckenstein.fr\/de\/\",\"name\":\"Ch\u00e2teau de Fleckenstein\",\"description\":\"Entdecken Sie die Burg Fleckenstein in Frankreich nahe der deutschen Grenze\",\"potentialAction\":[{\"@type\":\"SearchAction\",\"target\":{\"@type\":\"EntryPoint\",\"urlTemplate\":\"https:\/\/www.fleckenstein.fr\/de\/?s={search_term_string}\"},\"query-input\":{\"@type\":\"PropertyValueSpecification\",\"valueRequired\":true,\"valueName\":\"search_term_string\"}}],\"inLanguage\":\"de-DE\"}]}<\/script>\n<!-- \/ Yoast SEO plugin. -->","yoast_head_json":{"title":"Die mythenhaften Orte rund um den Fleckenstein","description":"Entdecken Sie um die Burg Fleckenstein herum alle in Rheinland-Pfalz, im Saarland und in Elsass-Lothringen gelegenen Spazier- und Wanderwege.","robots":{"index":"index","follow":"follow","max-snippet":"max-snippet:-1","max-image-preview":"max-image-preview:large","max-video-preview":"max-video-preview:-1"},"canonical":"https:\/\/www.fleckenstein.fr\/de\/der-fleckenstein\/rund-um-fleckenstein\/","og_locale":"de_DE","og_type":"article","og_title":"Die mythenhaften Orte rund um den Fleckenstein","og_description":"Entdecken Sie um die Burg Fleckenstein herum alle in Rheinland-Pfalz, im Saarland und in Elsass-Lothringen gelegenen Spazier- und Wanderwege.","og_url":"https:\/\/www.fleckenstein.fr\/de\/der-fleckenstein\/rund-um-fleckenstein\/","og_site_name":"Ch\u00e2teau de Fleckenstein","article_modified_time":"2017-01-06T16:00:15+00:00","twitter_card":"summary_large_image","twitter_misc":{"Est. reading time":"7 minutes"},"schema":{"@context":"https:\/\/schema.org","@graph":[{"@type":"WebPage","@id":"https:\/\/www.fleckenstein.fr\/de\/der-fleckenstein\/rund-um-fleckenstein\/","url":"https:\/\/www.fleckenstein.fr\/de\/der-fleckenstein\/rund-um-fleckenstein\/","name":"Die mythenhaften Orte rund um den Fleckenstein","isPartOf":{"@id":"https:\/\/www.fleckenstein.fr\/de\/#website"},"datePublished":"2016-03-23T08:55:55+00:00","dateModified":"2017-01-06T16:00:15+00:00","description":"Entdecken Sie um die Burg Fleckenstein herum alle in Rheinland-Pfalz, im Saarland und in Elsass-Lothringen gelegenen Spazier- und Wanderwege.","breadcrumb":{"@id":"https:\/\/www.fleckenstein.fr\/de\/der-fleckenstein\/rund-um-fleckenstein\/#breadcrumb"},"inLanguage":"de-DE","potentialAction":[{"@type":"ReadAction","target":["https:\/\/www.fleckenstein.fr\/de\/der-fleckenstein\/rund-um-fleckenstein\/"]}]},{"@type":"BreadcrumbList","@id":"https:\/\/www.fleckenstein.fr\/de\/der-fleckenstein\/rund-um-fleckenstein\/#breadcrumb","itemListElement":[{"@type":"ListItem","position":1,"name":"Accueil","item":"https:\/\/www.fleckenstein.fr\/de\/"},{"@type":"ListItem","position":2,"name":"Der Fleckenstein","item":"https:\/\/www.fleckenstein.fr\/de\/der-fleckenstein\/"},{"@type":"ListItem","position":3,"name":"Autour de Fleckenstein \/ Rund um Fleckenstein"}]},{"@type":"WebSite","@id":"https:\/\/www.fleckenstein.fr\/de\/#website","url":"https:\/\/www.fleckenstein.fr\/de\/","name":"Ch\u00e2teau de Fleckenstein","description":"Entdecken Sie die Burg Fleckenstein in Frankreich nahe der deutschen Grenze","potentialAction":[{"@type":"SearchAction","target":{"@type":"EntryPoint","urlTemplate":"https:\/\/www.fleckenstein.fr\/de\/?s={search_term_string}"},"query-input":{"@type":"PropertyValueSpecification","valueRequired":true,"valueName":"search_term_string"}}],"inLanguage":"de-DE"}]}},"_links":{"self":[{"href":"https:\/\/www.fleckenstein.fr\/de\/wp-json\/wp\/v2\/pages\/2700","targetHints":{"allow":["GET"]}}],"collection":[{"href":"https:\/\/www.fleckenstein.fr\/de\/wp-json\/wp\/v2\/pages"}],"about":[{"href":"https:\/\/www.fleckenstein.fr\/de\/wp-json\/wp\/v2\/types\/page"}],"author":[{"embeddable":true,"href":"https:\/\/www.fleckenstein.fr\/de\/wp-json\/wp\/v2\/users\/1"}],"replies":[{"embeddable":true,"href":"https:\/\/www.fleckenstein.fr\/de\/wp-json\/wp\/v2\/comments?post=2700"}],"version-history":[{"count":4,"href":"https:\/\/www.fleckenstein.fr\/de\/wp-json\/wp\/v2\/pages\/2700\/revisions"}],"predecessor-version":[{"id":3579,"href":"https:\/\/www.fleckenstein.fr\/de\/wp-json\/wp\/v2\/pages\/2700\/revisions\/3579"}],"up":[{"embeddable":true,"href":"https:\/\/www.fleckenstein.fr\/de\/wp-json\/wp\/v2\/pages\/2696"}],"wp:attachment":[{"href":"https:\/\/www.fleckenstein.fr\/de\/wp-json\/wp\/v2\/media?parent=2700"}],"curies":[{"name":"wp","href":"https:\/\/api.w.org\/{rel}","templated":true}]}}