{"id":2703,"date":"2016-03-23T09:58:25","date_gmt":"2016-03-23T08:58:25","guid":{"rendered":"https:\/\/www.fleckenstein.fr\/de\/?page_id=2703"},"modified":"2017-01-06T17:00:15","modified_gmt":"2017-01-06T16:00:15","slug":"geschichte-der-burg","status":"publish","type":"page","link":"https:\/\/www.fleckenstein.fr\/de\/der-fleckenstein\/geschichte-der-burg\/","title":{"rendered":"Geschichte der Burg"},"content":{"rendered":"<p><div class=\"fusion-fullwidth fullwidth-box fusion-builder-row-1 video-background nonhundred-percent-fullwidth non-hundred-percent-height-scrolling\" style=\"--awb-border-radius-top-left:0px;--awb-border-radius-top-right:0px;--awb-border-radius-bottom-right:0px;--awb-border-radius-bottom-left:0px;--awb-padding-top:20px;--awb-padding-right:0px;--awb-padding-bottom:20px;--awb-padding-left:0px;--awb-background-image:url(&quot;https:\/\/www.fleckenstein.fr\/wp-content\/uploads\/2015\/09\/Fleckenstein-Conte-du-Moyen-age.jpg&quot;);--awb-border-sizes-top:0px;--awb-border-sizes-bottom:0px;--awb-flex-wrap:wrap;\" ><div id=\"video-1\" class=\"fusion-background-video-wrapper\" data-vimeo-video-id=\"150767149\" data-mute=\"yes\" data-video-aspect-ratio=\"16:9\" style=\"opacity:0;\"><iframe id=\"video-iframe-1\" class=\"fusion-container-video-bg\" src=\"\/\/player.vimeo.com\/video\/150767149?html5=1&autopause=0&autoplay=1&badge=0&byline=0&autopause=0&loop=1&title=0&muted=1\" frameborder=\"0\"><\/iframe><\/div><div class=\"fusion-builder-row fusion-row\"><div class=\"fusion-layout-column fusion_builder_column fusion-builder-column-0 fusion_builder_column_1_1 1_1 fusion-one-full fusion-column-first fusion-column-last fusion-column-no-min-height\" style=\"--awb-bg-size:cover;--awb-margin-bottom:0px;\"><div class=\"fusion-column-wrapper fusion-flex-column-wrapper-legacy\"><div class=\"fusion-sep-clear\"><\/div><div class=\"fusion-separator fusion-full-width-sep\" style=\"margin-left: auto;margin-right: auto;margin-top:260px;width:100%;\"><\/div><div class=\"fusion-sep-clear\"><\/div><div class=\"fusion-clearfix\"><\/div><\/div><\/div><div class=\"fusion-layout-column fusion_builder_column fusion-builder-column-1 fusion_builder_column_1_6 1_6 fusion-one-sixth fusion-column-first\" style=\"--awb-bg-size:cover;width:13.3333%; margin-right: 4%;\"><div class=\"fusion-column-wrapper fusion-flex-column-wrapper-legacy\"><div class=\"fusion-clearfix\"><\/div><\/div><\/div><div class=\"fusion-layout-column fusion_builder_column fusion-builder-column-2 fusion_builder_column_2_3 2_3 fusion-two-third\" style=\"--awb-padding-top:1px;--awb-padding-right:20px;--awb-padding-bottom:30px;--awb-padding-left:20px;--awb-bg-image:url(&#039;https:\/\/www.fleckenstein.fr\/wp-content\/uploads\/2015\/07\/noir-trame\u0301.png&#039;);--awb-bg-repeat:repeat;\"><div class=\"fusion-column-wrapper fusion-flex-column-wrapper-legacy fusion-column-has-bg-image\" data-bg-url=\"https:\/\/www.fleckenstein.fr\/wp-content\/uploads\/2015\/07\/noir-trame\u0301.png\"><div class=\"fusion-column-content-centered\"><div class=\"fusion-column-content\"><div class=\"fusion-text fusion-text-1\"><h1 style=\"text-align: center;\"><span style=\"color: #ffffff;\">Von der einfachen Festung zur mittelalterlichen Burg<\/span><\/h1>\n<\/div><\/div><\/div><div class=\"fusion-clearfix\"><\/div><\/div><\/div><div class=\"fusion-layout-column fusion_builder_column fusion-builder-column-3 fusion_builder_column_1_6 1_6 fusion-one-sixth fusion-column-last\" style=\"--awb-bg-size:cover;width:13.3333%;\"><div class=\"fusion-column-wrapper fusion-flex-column-wrapper-legacy\"><div class=\"fusion-clearfix\"><\/div><\/div><\/div><div class=\"fusion-layout-column fusion_builder_column fusion-builder-column-4 fusion_builder_column_1_1 1_1 fusion-one-full fusion-column-first fusion-column-last fusion-column-no-min-height\" style=\"--awb-bg-size:cover;--awb-margin-bottom:0px;\"><div class=\"fusion-column-wrapper fusion-flex-column-wrapper-legacy\"><div class=\"fusion-sep-clear\"><\/div><div class=\"fusion-separator fusion-full-width-sep\" style=\"margin-left: auto;margin-right: auto;margin-top:20px;width:100%;\"><\/div><div class=\"fusion-sep-clear\"><\/div><div class=\"fusion-clearfix\"><\/div><\/div><\/div><\/div><\/div><div class=\"fusion-fullwidth fullwidth-box fusion-builder-row-2 hundred-percent-fullwidth non-hundred-percent-height-scrolling\" style=\"--awb-background-position:left top;--awb-border-radius-top-left:0px;--awb-border-radius-top-right:0px;--awb-border-radius-bottom-right:0px;--awb-border-radius-bottom-left:0px;--awb-padding-top:0px;--awb-padding-right:0px;--awb-padding-bottom:0px;--awb-padding-left:0px;--awb-border-sizes-top:0px;--awb-border-sizes-bottom:0px;--awb-flex-wrap:wrap;\" ><div class=\"fusion-builder-row fusion-row\"><div class=\"fusion-layout-column fusion_builder_column fusion-builder-column-5 fusion_builder_column_2_5 2_5 fusion-two-fifth fusion-column-first\" style=\"--awb-bg-size:cover;--awb-margin-bottom:0px;\"><div class=\"fusion-column-wrapper fusion-flex-column-wrapper-legacy\"><div class=\"fusion-image-element in-legacy-container\" style=\"--awb-caption-title-font-family:var(--h2_typography-font-family);--awb-caption-title-font-weight:var(--h2_typography-font-weight);--awb-caption-title-font-style:var(--h2_typography-font-style);--awb-caption-title-size:var(--h2_typography-font-size);--awb-caption-title-transform:var(--h2_typography-text-transform);--awb-caption-title-line-height:var(--h2_typography-line-height);--awb-caption-title-letter-spacing:var(--h2_typography-letter-spacing);\"><span class=\" fusion-imageframe imageframe-none imageframe-1 hover-type-none\"><img decoding=\"async\" width=\"742\" height=\"635\" title=\"image\" src=\"https:\/\/www.fleckenstein.fr\/wp-content\/uploads\/2015\/07\/image.jpg\" alt class=\"img-responsive wp-image-4311\" srcset=\"https:\/\/www.fleckenstein.fr\/wp-content\/uploads\/2015\/07\/image-300x257.jpg 300w, https:\/\/www.fleckenstein.fr\/wp-content\/uploads\/2015\/07\/image.jpg 742w\" sizes=\"(max-width: 742px) 100vw, 742px\" \/><\/span><\/div><div class=\"fusion-clearfix\"><\/div><\/div><\/div><div class=\"fusion-layout-column fusion_builder_column fusion-builder-column-6 fusion_builder_column_3_5 3_5 fusion-three-fifth fusion-column-last\" style=\"--awb-padding-top:40px;--awb-padding-right:40px;--awb-padding-bottom:40px;--awb-padding-left:40px;--awb-bg-size:cover;width:58.4%;\"><div class=\"fusion-column-wrapper fusion-flex-column-wrapper-legacy\"><div class=\"fusion-sep-clear\"><\/div><div class=\"fusion-separator fusion-full-width-sep\" style=\"margin-left: auto;margin-right: auto;margin-top:20px;width:100%;\"><\/div><div class=\"fusion-sep-clear\"><\/div><div class=\"fusion-text fusion-text-2\"><h3><b>Geschichten, die die Zeit \u00fcberdauern<\/b><\/h3>\n<\/div><div class=\"fusion-sep-clear\"><\/div><div class=\"fusion-separator fusion-full-width-sep\" style=\"margin-left: auto;margin-right: auto;margin-top:20px;width:100%;\"><\/div><div class=\"fusion-sep-clear\"><\/div><div class=\"fusion-text fusion-text-3\"><p><span style=\"font-weight: 400;\">Die Burg Fleckenstein wird zum ersten Mal im Jahr 1174 erw\u00e4hnt, als Gottfried von Fleckenstein im Dienst des Kaisers Friedrich Barbarossa in Haguenau steht. Sie beherbergt w\u00e4hrend sechs Jahrhunderten die Familie Fleckenstein, die eine der einflussreichsten Familien des Unterelsass ist. Von einer einfachen Befestigung auf einem Felsen wird sie zu einer herrschaftlichen Burg ausgebaut, die den Ruf eines uneinnehmbaren Adlernests hat und die dem Stra\u00dfburger Architekten Daniel Specklin 1589 als Modell f\u00fcr \u00ab\u00a0die ideale Burg\u00a0\u00bb dient.<\/span><\/p>\n<p><span style=\"font-weight: 400;\">Schlie\u00dflich wird sie 1680 ohne Widerstand durch die Armee von Ludwig XIV. eingenommen und durch Schwarzpulver zerst\u00f6rt.<\/span><\/p>\n<p><span style=\"font-weight: 400;\">Die Ringmauer und der Eingangsturm, der Brunnenturm des XIII. Jhs. und der Treppenturm des XVI. Jhs., die Brunnen und Zisternen, die h\u00f6hlenhaften S\u00e4le und die in den Felsen gehauenen Treppen sind die baulichen Voaussetzungen, die 1898 dazu f\u00fchrten, dass die Burg unter Denkmalschutz gestellt wurde. Sie erlauben es auch dem nicht so kundigen Besucher, die baulichen Ver\u00e4nderungen der Burg im Laufe der Zeit zu verstehen.<\/span><\/p>\n<\/div><div class=\"fusion-clearfix\"><\/div><\/div><\/div><\/div><\/div><div class=\"fusion-fullwidth fullwidth-box fusion-builder-row-3 hundred-percent-fullwidth non-hundred-percent-height-scrolling fusion-equal-height-columns\" style=\"--awb-background-position:left top;--awb-border-radius-top-left:0px;--awb-border-radius-top-right:0px;--awb-border-radius-bottom-right:0px;--awb-border-radius-bottom-left:0px;--awb-padding-top:0px;--awb-padding-right:0px;--awb-padding-bottom:0px;--awb-padding-left:0px;--awb-border-sizes-top:0px;--awb-border-sizes-bottom:0px;--awb-flex-wrap:wrap;\" id=\"castle-blocks\" ><div class=\"fusion-builder-row fusion-row\"><div class=\"fusion-layout-column fusion_builder_column fusion-builder-column-7 fusion_builder_column_1_3 1_3 fusion-one-third fusion-column-first\" style=\"--awb-bg-image:url(&#039;https:\/\/www.fleckenstein.fr\/wp-content\/uploads\/2015\/07\/le-chateau-fort.jpg&#039;);--awb-bg-size:cover;--awb-margin-bottom:0px;\"><div class=\"fusion-column-wrapper fusion-flex-column-wrapper-legacy fusion-column-has-bg-image\" data-bg-url=\"https:\/\/www.fleckenstein.fr\/wp-content\/uploads\/2015\/07\/le-chateau-fort.jpg\"><div class=\"fusion-text fusion-text-4\"><div class=\"block-teaser\">\n<h2><b>Kleine Geschichten vom Fleckenstein<\/b><\/h2>\n<div class=\"block-teaser-more\"><div class=\"fusion-aligncenter\"><a class=\"fusion-button button-flat button-medium button-default fusion-button-default button-1 fusion-button-default-span \" target=\"_self\" href=\"\/de\/der-fleckenstein\/geschichte-der-burg\/kleine-geschichten-vom-fleckenstein\/\"><span class=\"fusion-button-text awb-button__text awb-button__text--default\">Mehr infos<\/span><\/a><\/div><\/div>\n<\/div>\n<\/div><div class=\"fusion-clearfix\"><\/div><\/div><\/div><div class=\"fusion-layout-column fusion_builder_column fusion-builder-column-8 fusion_builder_column_1_3 1_3 fusion-one-third\" style=\"--awb-bg-image:url(&#039;https:\/\/www.fleckenstein.fr\/wp-content\/uploads\/2015\/09\/Fleckenstein-Conte-du-Moyen-age.jpg&#039;);--awb-bg-size:cover;--awb-margin-bottom:0px;\"><div class=\"fusion-column-wrapper fusion-flex-column-wrapper-legacy fusion-column-has-bg-image\" data-bg-url=\"https:\/\/www.fleckenstein.fr\/wp-content\/uploads\/2015\/09\/Fleckenstein-Conte-du-Moyen-age.jpg\"><div class=\"fusion-text fusion-text-5\"><div class=\"block-teaser\">\n<h2><b>Legende des Brunnens<\/b><\/h2>\n<div class=\"block-teaser-more\"><div class=\"fusion-aligncenter\"><a class=\"fusion-button button-flat button-medium button-default fusion-button-default button-2 fusion-button-default-span \" target=\"_self\" href=\"\/de\/der-fleckenstein\/geschichte-der-burg\/legende-des-brunnens\/\"><span class=\"fusion-button-text awb-button__text awb-button__text--default\">Mehr infos<\/span><\/a><\/div><\/div>\n<\/div>\n<\/div><div class=\"fusion-clearfix\"><\/div><\/div><\/div><div class=\"fusion-layout-column fusion_builder_column fusion-builder-column-9 fusion_builder_column_1_3 1_3 fusion-one-third fusion-column-last\" style=\"--awb-bg-image:url(&#039;https:\/\/www.fleckenstein.fr\/wp-content\/uploads\/2015\/09\/Petites-histoires-de-Fleckenstein.jpg&#039;);--awb-bg-size:cover;--awb-margin-bottom:0px;\"><div class=\"fusion-column-wrapper fusion-flex-column-wrapper-legacy fusion-column-has-bg-image\" data-bg-url=\"https:\/\/www.fleckenstein.fr\/wp-content\/uploads\/2015\/09\/Petites-histoires-de-Fleckenstein.jpg\"><div class=\"fusion-text fusion-text-6\"><div class=\"block-teaser\">\n<h2><b>Geschichtliche Chronik<\/b><\/h2>\n<div class=\"block-teaser-more\"><div class=\"fusion-aligncenter\"><a class=\"fusion-button button-flat button-medium button-default fusion-button-default button-3 fusion-button-default-span \" target=\"_self\" href=\"\/de\/der-fleckenstein\/geschichte-der-burg\/geschichtliche-chronik\/\"><span class=\"fusion-button-text awb-button__text awb-button__text--default\">Mehr infos<\/span><\/a><\/div><\/div>\n<\/div>\n<\/div><div class=\"fusion-clearfix\"><\/div><\/div><\/div><\/div><\/div><\/p>\n","protected":false},"excerpt":{"rendered":"","protected":false},"author":1,"featured_media":0,"parent":2696,"menu_order":0,"comment_status":"open","ping_status":"open","template":"100-width.php","meta":{"footnotes":""},"class_list":["post-2703","page","type-page","status-publish","hentry"],"yoast_head":"<!-- This site is optimized with the Yoast SEO plugin v27.2 - https:\/\/yoast.com\/product\/yoast-seo-wordpress\/ -->\n<title>Geschichte der Burg Fleckenstein<\/title>\n<meta name=\"description\" content=\"Entdecken Sie die Geschichte und die Legenden der im Sauerthal gelegenen Burg Fleckenstein, die ein Zeuge neunhunderj\u00e4hriger europ\u00e4ischer Geschichte ist.\" \/>\n<meta name=\"robots\" content=\"index, follow, max-snippet:-1, max-image-preview:large, max-video-preview:-1\" \/>\n<link rel=\"canonical\" href=\"https:\/\/www.fleckenstein.fr\/de\/der-fleckenstein\/geschichte-der-burg\/\" \/>\n<meta property=\"og:locale\" content=\"de_DE\" \/>\n<meta property=\"og:type\" content=\"article\" \/>\n<meta property=\"og:title\" content=\"Geschichte der Burg Fleckenstein\" \/>\n<meta property=\"og:description\" content=\"Entdecken Sie die Geschichte und die Legenden der im Sauerthal gelegenen Burg Fleckenstein, die ein Zeuge neunhunderj\u00e4hriger europ\u00e4ischer Geschichte ist.\" \/>\n<meta property=\"og:url\" content=\"https:\/\/www.fleckenstein.fr\/de\/der-fleckenstein\/geschichte-der-burg\/\" \/>\n<meta property=\"og:site_name\" content=\"Ch\u00e2teau de Fleckenstein\" \/>\n<meta property=\"article:modified_time\" content=\"2017-01-06T16:00:15+00:00\" \/>\n<meta property=\"og:image\" content=\"https:\/\/www.fleckenstein.fr\/wp-content\/uploads\/2015\/07\/image.jpg\" \/>\n<meta name=\"twitter:card\" content=\"summary_large_image\" \/>\n<meta name=\"twitter:label1\" content=\"Est. reading time\" \/>\n\t<meta name=\"twitter:data1\" content=\"7 minutes\" \/>\n<script type=\"application\/ld+json\" class=\"yoast-schema-graph\">{\"@context\":\"https:\/\/schema.org\",\"@graph\":[{\"@type\":\"WebPage\",\"@id\":\"https:\/\/www.fleckenstein.fr\/de\/der-fleckenstein\/geschichte-der-burg\/\",\"url\":\"https:\/\/www.fleckenstein.fr\/de\/der-fleckenstein\/geschichte-der-burg\/\",\"name\":\"Geschichte der Burg Fleckenstein\",\"isPartOf\":{\"@id\":\"https:\/\/www.fleckenstein.fr\/de\/#website\"},\"primaryImageOfPage\":{\"@id\":\"https:\/\/www.fleckenstein.fr\/de\/der-fleckenstein\/geschichte-der-burg\/#primaryimage\"},\"image\":{\"@id\":\"https:\/\/www.fleckenstein.fr\/de\/der-fleckenstein\/geschichte-der-burg\/#primaryimage\"},\"thumbnailUrl\":\"https:\/\/www.fleckenstein.fr\/wp-content\/uploads\/2015\/07\/image.jpg\",\"datePublished\":\"2016-03-23T08:58:25+00:00\",\"dateModified\":\"2017-01-06T16:00:15+00:00\",\"description\":\"Entdecken Sie die Geschichte und die Legenden der im Sauerthal gelegenen Burg Fleckenstein, die ein Zeuge neunhunderj\u00e4hriger europ\u00e4ischer Geschichte ist.\",\"breadcrumb\":{\"@id\":\"https:\/\/www.fleckenstein.fr\/de\/der-fleckenstein\/geschichte-der-burg\/#breadcrumb\"},\"inLanguage\":\"de-DE\",\"potentialAction\":[{\"@type\":\"ReadAction\",\"target\":[\"https:\/\/www.fleckenstein.fr\/de\/der-fleckenstein\/geschichte-der-burg\/\"]}]},{\"@type\":\"ImageObject\",\"inLanguage\":\"de-DE\",\"@id\":\"https:\/\/www.fleckenstein.fr\/de\/der-fleckenstein\/geschichte-der-burg\/#primaryimage\",\"url\":\"https:\/\/www.fleckenstein.fr\/wp-content\/uploads\/2015\/07\/image.jpg\",\"contentUrl\":\"https:\/\/www.fleckenstein.fr\/wp-content\/uploads\/2015\/07\/image.jpg\"},{\"@type\":\"BreadcrumbList\",\"@id\":\"https:\/\/www.fleckenstein.fr\/de\/der-fleckenstein\/geschichte-der-burg\/#breadcrumb\",\"itemListElement\":[{\"@type\":\"ListItem\",\"position\":1,\"name\":\"Accueil\",\"item\":\"https:\/\/www.fleckenstein.fr\/de\/\"},{\"@type\":\"ListItem\",\"position\":2,\"name\":\"Der Fleckenstein\",\"item\":\"https:\/\/www.fleckenstein.fr\/de\/der-fleckenstein\/\"},{\"@type\":\"ListItem\",\"position\":3,\"name\":\"Geschichte der Burg\"}]},{\"@type\":\"WebSite\",\"@id\":\"https:\/\/www.fleckenstein.fr\/de\/#website\",\"url\":\"https:\/\/www.fleckenstein.fr\/de\/\",\"name\":\"Ch\u00e2teau de Fleckenstein\",\"description\":\"Entdecken Sie die Burg Fleckenstein in Frankreich nahe der deutschen Grenze\",\"potentialAction\":[{\"@type\":\"SearchAction\",\"target\":{\"@type\":\"EntryPoint\",\"urlTemplate\":\"https:\/\/www.fleckenstein.fr\/de\/?s={search_term_string}\"},\"query-input\":{\"@type\":\"PropertyValueSpecification\",\"valueRequired\":true,\"valueName\":\"search_term_string\"}}],\"inLanguage\":\"de-DE\"}]}<\/script>\n<!-- \/ Yoast SEO plugin. -->","yoast_head_json":{"title":"Geschichte der Burg Fleckenstein","description":"Entdecken Sie die Geschichte und die Legenden der im Sauerthal gelegenen Burg Fleckenstein, die ein Zeuge neunhunderj\u00e4hriger europ\u00e4ischer Geschichte ist.","robots":{"index":"index","follow":"follow","max-snippet":"max-snippet:-1","max-image-preview":"max-image-preview:large","max-video-preview":"max-video-preview:-1"},"canonical":"https:\/\/www.fleckenstein.fr\/de\/der-fleckenstein\/geschichte-der-burg\/","og_locale":"de_DE","og_type":"article","og_title":"Geschichte der Burg Fleckenstein","og_description":"Entdecken Sie die Geschichte und die Legenden der im Sauerthal gelegenen Burg Fleckenstein, die ein Zeuge neunhunderj\u00e4hriger europ\u00e4ischer Geschichte ist.","og_url":"https:\/\/www.fleckenstein.fr\/de\/der-fleckenstein\/geschichte-der-burg\/","og_site_name":"Ch\u00e2teau de Fleckenstein","article_modified_time":"2017-01-06T16:00:15+00:00","og_image":[{"url":"https:\/\/www.fleckenstein.fr\/wp-content\/uploads\/2015\/07\/image.jpg","type":"","width":"","height":""}],"twitter_card":"summary_large_image","twitter_misc":{"Est. reading time":"7 minutes"},"schema":{"@context":"https:\/\/schema.org","@graph":[{"@type":"WebPage","@id":"https:\/\/www.fleckenstein.fr\/de\/der-fleckenstein\/geschichte-der-burg\/","url":"https:\/\/www.fleckenstein.fr\/de\/der-fleckenstein\/geschichte-der-burg\/","name":"Geschichte der Burg Fleckenstein","isPartOf":{"@id":"https:\/\/www.fleckenstein.fr\/de\/#website"},"primaryImageOfPage":{"@id":"https:\/\/www.fleckenstein.fr\/de\/der-fleckenstein\/geschichte-der-burg\/#primaryimage"},"image":{"@id":"https:\/\/www.fleckenstein.fr\/de\/der-fleckenstein\/geschichte-der-burg\/#primaryimage"},"thumbnailUrl":"https:\/\/www.fleckenstein.fr\/wp-content\/uploads\/2015\/07\/image.jpg","datePublished":"2016-03-23T08:58:25+00:00","dateModified":"2017-01-06T16:00:15+00:00","description":"Entdecken Sie die Geschichte und die Legenden der im Sauerthal gelegenen Burg Fleckenstein, die ein Zeuge neunhunderj\u00e4hriger europ\u00e4ischer Geschichte ist.","breadcrumb":{"@id":"https:\/\/www.fleckenstein.fr\/de\/der-fleckenstein\/geschichte-der-burg\/#breadcrumb"},"inLanguage":"de-DE","potentialAction":[{"@type":"ReadAction","target":["https:\/\/www.fleckenstein.fr\/de\/der-fleckenstein\/geschichte-der-burg\/"]}]},{"@type":"ImageObject","inLanguage":"de-DE","@id":"https:\/\/www.fleckenstein.fr\/de\/der-fleckenstein\/geschichte-der-burg\/#primaryimage","url":"https:\/\/www.fleckenstein.fr\/wp-content\/uploads\/2015\/07\/image.jpg","contentUrl":"https:\/\/www.fleckenstein.fr\/wp-content\/uploads\/2015\/07\/image.jpg"},{"@type":"BreadcrumbList","@id":"https:\/\/www.fleckenstein.fr\/de\/der-fleckenstein\/geschichte-der-burg\/#breadcrumb","itemListElement":[{"@type":"ListItem","position":1,"name":"Accueil","item":"https:\/\/www.fleckenstein.fr\/de\/"},{"@type":"ListItem","position":2,"name":"Der Fleckenstein","item":"https:\/\/www.fleckenstein.fr\/de\/der-fleckenstein\/"},{"@type":"ListItem","position":3,"name":"Geschichte der Burg"}]},{"@type":"WebSite","@id":"https:\/\/www.fleckenstein.fr\/de\/#website","url":"https:\/\/www.fleckenstein.fr\/de\/","name":"Ch\u00e2teau de Fleckenstein","description":"Entdecken Sie die Burg Fleckenstein in Frankreich nahe der deutschen Grenze","potentialAction":[{"@type":"SearchAction","target":{"@type":"EntryPoint","urlTemplate":"https:\/\/www.fleckenstein.fr\/de\/?s={search_term_string}"},"query-input":{"@type":"PropertyValueSpecification","valueRequired":true,"valueName":"search_term_string"}}],"inLanguage":"de-DE"}]}},"_links":{"self":[{"href":"https:\/\/www.fleckenstein.fr\/de\/wp-json\/wp\/v2\/pages\/2703","targetHints":{"allow":["GET"]}}],"collection":[{"href":"https:\/\/www.fleckenstein.fr\/de\/wp-json\/wp\/v2\/pages"}],"about":[{"href":"https:\/\/www.fleckenstein.fr\/de\/wp-json\/wp\/v2\/types\/page"}],"author":[{"embeddable":true,"href":"https:\/\/www.fleckenstein.fr\/de\/wp-json\/wp\/v2\/users\/1"}],"replies":[{"embeddable":true,"href":"https:\/\/www.fleckenstein.fr\/de\/wp-json\/wp\/v2\/comments?post=2703"}],"version-history":[{"count":5,"href":"https:\/\/www.fleckenstein.fr\/de\/wp-json\/wp\/v2\/pages\/2703\/revisions"}],"predecessor-version":[{"id":3578,"href":"https:\/\/www.fleckenstein.fr\/de\/wp-json\/wp\/v2\/pages\/2703\/revisions\/3578"}],"up":[{"embeddable":true,"href":"https:\/\/www.fleckenstein.fr\/de\/wp-json\/wp\/v2\/pages\/2696"}],"wp:attachment":[{"href":"https:\/\/www.fleckenstein.fr\/de\/wp-json\/wp\/v2\/media?parent=2703"}],"curies":[{"name":"wp","href":"https:\/\/api.w.org\/{rel}","templated":true}]}}